{"id":8457,"date":"2023-10-24T15:02:39","date_gmt":"2023-10-24T15:02:39","guid":{"rendered":"https:\/\/daiktaisuistorija.lt\/?post_type=product&#038;p=8457"},"modified":"2023-11-11T10:58:22","modified_gmt":"2023-11-11T08:58:22","slug":"pagalveliu-uzvalkalai","status":"publish","type":"product","link":"https:\/\/daiktaisuistorija.lt\/lt\/produktas\/pagalveliu-uzvalkalai\/","title":{"rendered":"Pagalv\u0117li\u0173 u\u017evalkalai"},"content":{"rendered":"<p>Vinta\u017einiai, medvilniniai u\u017evalkalai pagalv\u0117l\u0117ms. <\/p>\n<p>I\u0161matavimai: 43x43cm<\/p>\n<p>B\u016bkl\u0117 &#8211; labai gera.<\/p>","protected":false},"excerpt":{"rendered":"<p>Vinta\u017einiai, medvilniniai u\u017evalkalai pagalv\u0117l\u0117ms. I\u0161matavimai: 43x43cm B\u016bkl\u0117 &#8211; labai gera.<\/p>","protected":false},"featured_media":7554,"template":"","meta":[],"product_cat":[67],"product_tag":[],"class_list":["post-8457","product","type-product","status-publish","has-post-thumbnail","hentry","product_cat-tekstile"],"_links":{"self":[{"href":"https:\/\/daiktaisuistorija.lt\/lt\/wp-json\/wp\/v2\/product\/8457","targetHints":{"allow":["GET"]}}],"collection":[{"href":"https:\/\/daiktaisuistorija.lt\/lt\/wp-json\/wp\/v2\/product"}],"about":[{"href":"https:\/\/daiktaisuistorija.lt\/lt\/wp-json\/wp\/v2\/types\/product"}],"wp:featuredmedia":[{"embeddable":true,"href":"https:\/\/daiktaisuistorija.lt\/lt\/wp-json\/wp\/v2\/media\/7554"}],"wp:attachment":[{"href":"https:\/\/daiktaisuistorija.lt\/lt\/wp-json\/wp\/v2\/media?parent=8457"}],"wp:term":[{"taxonomy":"product_cat","embeddable":true,"href":"https:\/\/daiktaisuistorija.lt\/lt\/wp-json\/wp\/v2\/product_cat?post=8457"},{"taxonomy":"product_tag","embeddable":true,"href":"https:\/\/daiktaisuistorija.lt\/lt\/wp-json\/wp\/v2\/product_tag?post=8457"}],"curies":[{"name":"wp","href":"https:\/\/api.w.org\/{rel}","templated":true}]}}