{"id":8466,"date":"2023-10-24T15:02:40","date_gmt":"2023-10-24T15:02:40","guid":{"rendered":"https:\/\/daiktaisuistorija.lt\/?post_type=product&#038;p=8466"},"modified":"2023-11-09T21:03:08","modified_gmt":"2023-11-09T21:03:08","slug":"pasidabruota-sviestine","status":"publish","type":"product","link":"https:\/\/daiktaisuistorija.lt\/lt\/produktas\/pasidabruota-sviestine\/","title":{"rendered":"Pasidabruota sviestin\u0117"},"content":{"rendered":"<p>Eleganti\u0161ka pasidabruota sviestin\u0117. Viduje yra stiklin\u0117 l\u0117k\u0161tel\u0117.<\/p>\n<p>I\u0161matavimai:<br \/>Ilgis 19cm;<br \/>Plotis 13cm;<br \/>Auk\u0161tis 6cm.<\/p>\n<p>B\u016bkl\u0117 &#8211; Pasidabravimas vietomis pasitrynes, pasideng\u0119s patina (\u017ei\u016br\u0117ti nuotraukas).<\/p>","protected":false},"excerpt":{"rendered":"<p>Eleganti\u0161ka pasidabruota sviestin\u0117. Viduje yra stiklin\u0117 l\u0117k\u0161tel\u0117. I\u0161matavimai:Ilgis 19cm;Plotis 13cm;Auk\u0161tis 6cm. B\u016bkl\u0117 &#8211; Pasidabravimas vietomis pasitrynes, pasideng\u0119s patina (\u017ei\u016br\u0117ti nuotraukas).<\/p>","protected":false},"featured_media":7568,"template":"","meta":[],"product_cat":[104],"product_tag":[],"class_list":["post-8466","product","type-product","status-publish","has-post-thumbnail","hentry","product_cat-saldainines-ledaines-cukrines"],"_links":{"self":[{"href":"https:\/\/daiktaisuistorija.lt\/lt\/wp-json\/wp\/v2\/product\/8466","targetHints":{"allow":["GET"]}}],"collection":[{"href":"https:\/\/daiktaisuistorija.lt\/lt\/wp-json\/wp\/v2\/product"}],"about":[{"href":"https:\/\/daiktaisuistorija.lt\/lt\/wp-json\/wp\/v2\/types\/product"}],"wp:featuredmedia":[{"embeddable":true,"href":"https:\/\/daiktaisuistorija.lt\/lt\/wp-json\/wp\/v2\/media\/7568"}],"wp:attachment":[{"href":"https:\/\/daiktaisuistorija.lt\/lt\/wp-json\/wp\/v2\/media?parent=8466"}],"wp:term":[{"taxonomy":"product_cat","embeddable":true,"href":"https:\/\/daiktaisuistorija.lt\/lt\/wp-json\/wp\/v2\/product_cat?post=8466"},{"taxonomy":"product_tag","embeddable":true,"href":"https:\/\/daiktaisuistorija.lt\/lt\/wp-json\/wp\/v2\/product_tag?post=8466"}],"curies":[{"name":"wp","href":"https:\/\/api.w.org\/{rel}","templated":true}]}}