{"id":8485,"date":"2023-10-24T15:03:00","date_gmt":"2023-10-24T15:03:00","guid":{"rendered":"https:\/\/daiktaisuistorija.lt\/?post_type=product&#038;p=8485"},"modified":"2023-11-09T20:50:53","modified_gmt":"2023-11-09T20:50:53","slug":"pora-dvipusiu-serveteliu","status":"publish","type":"product","link":"https:\/\/daiktaisuistorija.lt\/lt\/produktas\/pora-dvipusiu-serveteliu\/","title":{"rendered":"Pora dvipusi\u0173 servet\u0117li\u0173"},"content":{"rendered":"<p>Dvipus\u0117s servet\u0117l\u0117s. I\u0161 storesnio audinio.<\/p>\n<p>I\u0161matavimai:<br \/>43x33cm.<\/p>\n<p>B\u016bkl\u0117 &#8211; labai gera.<\/p>","protected":false},"excerpt":{"rendered":"<p>Dvipus\u0117s servet\u0117l\u0117s. I\u0161 storesnio audinio. I\u0161matavimai:43x33cm. B\u016bkl\u0117 &#8211; labai gera.<\/p>","protected":false},"featured_media":7594,"template":"","meta":[],"product_cat":[67],"product_tag":[],"class_list":["post-8485","product","type-product","status-publish","has-post-thumbnail","hentry","product_cat-tekstile"],"_links":{"self":[{"href":"https:\/\/daiktaisuistorija.lt\/lt\/wp-json\/wp\/v2\/product\/8485","targetHints":{"allow":["GET"]}}],"collection":[{"href":"https:\/\/daiktaisuistorija.lt\/lt\/wp-json\/wp\/v2\/product"}],"about":[{"href":"https:\/\/daiktaisuistorija.lt\/lt\/wp-json\/wp\/v2\/types\/product"}],"wp:featuredmedia":[{"embeddable":true,"href":"https:\/\/daiktaisuistorija.lt\/lt\/wp-json\/wp\/v2\/media\/7594"}],"wp:attachment":[{"href":"https:\/\/daiktaisuistorija.lt\/lt\/wp-json\/wp\/v2\/media?parent=8485"}],"wp:term":[{"taxonomy":"product_cat","embeddable":true,"href":"https:\/\/daiktaisuistorija.lt\/lt\/wp-json\/wp\/v2\/product_cat?post=8485"},{"taxonomy":"product_tag","embeddable":true,"href":"https:\/\/daiktaisuistorija.lt\/lt\/wp-json\/wp\/v2\/product_tag?post=8485"}],"curies":[{"name":"wp","href":"https:\/\/api.w.org\/{rel}","templated":true}]}}