{"id":8488,"date":"2023-10-24T15:03:01","date_gmt":"2023-10-24T15:03:01","guid":{"rendered":"https:\/\/daiktaisuistorija.lt\/?post_type=product&#038;p=8488"},"modified":"2024-04-10T19:55:08","modified_gmt":"2024-04-10T16:55:08","slug":"porcelianine-madona-cukrine","status":"publish","type":"product","link":"https:\/\/daiktaisuistorija.lt\/lt\/produktas\/porcelianine-madona-cukrine\/","title":{"rendered":"Porcelianin\u0117 &#8216;Madona&#8217; cukrin\u0117"},"content":{"rendered":"<p>Auk\u0161tos kokyb\u0117s pranc\u016bzi\u0161ko porceliano cukrin\u0117.<\/p>\n<p><\/p>\n<div>Auk\u0161tis ~11,5cm<\/div>\n<div>Skersmuo ~10,5cm<\/div>\n<div>B\u016bkl\u0117 &#8211; puiki.<\/div>","protected":false},"excerpt":{"rendered":"<p>Auk\u0161tos kokyb\u0117s pranc\u016bzi\u0161ko porceliano cukrin\u0117. Auk\u0161tis ~11,5cm Skersmuo ~10,5cm B\u016bkl\u0117 &#8211; puiki.<\/p>","protected":false},"featured_media":8513,"template":"","meta":[],"product_cat":[104,89],"product_tag":[],"class_list":["post-8488","product","type-product","status-publish","has-post-thumbnail","hentry","product_cat-saldainines-ledaines-cukrines","product_cat-servizai-ir-rinkiniai"],"_links":{"self":[{"href":"https:\/\/daiktaisuistorija.lt\/lt\/wp-json\/wp\/v2\/product\/8488","targetHints":{"allow":["GET"]}}],"collection":[{"href":"https:\/\/daiktaisuistorija.lt\/lt\/wp-json\/wp\/v2\/product"}],"about":[{"href":"https:\/\/daiktaisuistorija.lt\/lt\/wp-json\/wp\/v2\/types\/product"}],"wp:featuredmedia":[{"embeddable":true,"href":"https:\/\/daiktaisuistorija.lt\/lt\/wp-json\/wp\/v2\/media\/8513"}],"wp:attachment":[{"href":"https:\/\/daiktaisuistorija.lt\/lt\/wp-json\/wp\/v2\/media?parent=8488"}],"wp:term":[{"taxonomy":"product_cat","embeddable":true,"href":"https:\/\/daiktaisuistorija.lt\/lt\/wp-json\/wp\/v2\/product_cat?post=8488"},{"taxonomy":"product_tag","embeddable":true,"href":"https:\/\/daiktaisuistorija.lt\/lt\/wp-json\/wp\/v2\/product_tag?post=8488"}],"curies":[{"name":"wp","href":"https:\/\/api.w.org\/{rel}","templated":true}]}}