{"id":8492,"date":"2023-10-24T15:03:01","date_gmt":"2023-10-24T15:03:01","guid":{"rendered":"https:\/\/daiktaisuistorija.lt\/?post_type=product&#038;p=8492"},"modified":"2023-11-09T20:50:24","modified_gmt":"2023-11-09T20:50:24","slug":"porcelianine-sriubine","status":"publish","type":"product","link":"https:\/\/daiktaisuistorija.lt\/lt\/produktas\/porcelianine-sriubine\/","title":{"rendered":"Porcelianin\u0117 sriubin\u0117"},"content":{"rendered":"<p>Winterling porcelianin\u0117 sriubin\u0117 &#8211; serviravimo indas su dang\u010diu.<\/p>\n<p>T\u016bris 1,2l.<\/p>\n<p>B\u016bkl\u0117 &#8211; sriubin\u0117s briaunoje yra nedidelis nuskilimas, kuris buvo restauruotas (paskutin\u0117 nuotrauka).<\/p>","protected":false},"excerpt":{"rendered":"<p>Winterling porcelianin\u0117 sriubin\u0117 &#8211; serviravimo indas su dang\u010diu. T\u016bris 1,2l. B\u016bkl\u0117 &#8211; sriubin\u0117s briaunoje yra nedidelis nuskilimas, kuris buvo restauruotas (paskutin\u0117 nuotrauka).<\/p>","protected":false},"featured_media":7606,"template":"","meta":[],"product_cat":[59],"product_tag":[],"class_list":["post-8492","product","type-product","status-publish","has-post-thumbnail","hentry","product_cat-serviravimo-indai"],"_links":{"self":[{"href":"https:\/\/daiktaisuistorija.lt\/lt\/wp-json\/wp\/v2\/product\/8492","targetHints":{"allow":["GET"]}}],"collection":[{"href":"https:\/\/daiktaisuistorija.lt\/lt\/wp-json\/wp\/v2\/product"}],"about":[{"href":"https:\/\/daiktaisuistorija.lt\/lt\/wp-json\/wp\/v2\/types\/product"}],"wp:featuredmedia":[{"embeddable":true,"href":"https:\/\/daiktaisuistorija.lt\/lt\/wp-json\/wp\/v2\/media\/7606"}],"wp:attachment":[{"href":"https:\/\/daiktaisuistorija.lt\/lt\/wp-json\/wp\/v2\/media?parent=8492"}],"wp:term":[{"taxonomy":"product_cat","embeddable":true,"href":"https:\/\/daiktaisuistorija.lt\/lt\/wp-json\/wp\/v2\/product_cat?post=8492"},{"taxonomy":"product_tag","embeddable":true,"href":"https:\/\/daiktaisuistorija.lt\/lt\/wp-json\/wp\/v2\/product_tag?post=8492"}],"curies":[{"name":"wp","href":"https:\/\/api.w.org\/{rel}","templated":true}]}}