{"id":8493,"date":"2023-10-24T15:03:02","date_gmt":"2023-10-24T15:03:02","guid":{"rendered":"https:\/\/daiktaisuistorija.lt\/?post_type=product&#038;p=8493"},"modified":"2023-11-09T20:49:39","modified_gmt":"2023-11-09T20:49:39","slug":"porcelianines-sriubines-lekstes","status":"publish","type":"product","link":"https:\/\/daiktaisuistorija.lt\/lt\/produktas\/porcelianines-sriubines-lekstes\/","title":{"rendered":"Porcelianin\u0117s sriubin\u0117s l\u0117k\u0161t\u0117s"},"content":{"rendered":"<p>Gilios porcelianin\u0117s l\u0117k\u0161t\u0117s sriuboms, makaronams ir pan.<\/p>\n<p>I\u0161matavimai:<br \/>Skersmuo 22cm;<br \/>Gylis 3,5cm.<\/p>\n<p>B\u016bkl\u0117 &#8211; labai gera.<\/p>","protected":false},"excerpt":{"rendered":"<p>Gilios porcelianin\u0117s l\u0117k\u0161t\u0117s sriuboms, makaronams ir pan. I\u0161matavimai:Skersmuo 22cm;Gylis 3,5cm. B\u016bkl\u0117 &#8211; labai gera.<\/p>","protected":false},"featured_media":7608,"template":"","meta":[],"product_cat":[63,59],"product_tag":[],"class_list":["post-8493","product","type-product","status-publish","has-post-thumbnail","hentry","product_cat-lekstes-ir-dubeneliai","product_cat-serviravimo-indai"],"_links":{"self":[{"href":"https:\/\/daiktaisuistorija.lt\/lt\/wp-json\/wp\/v2\/product\/8493","targetHints":{"allow":["GET"]}}],"collection":[{"href":"https:\/\/daiktaisuistorija.lt\/lt\/wp-json\/wp\/v2\/product"}],"about":[{"href":"https:\/\/daiktaisuistorija.lt\/lt\/wp-json\/wp\/v2\/types\/product"}],"wp:featuredmedia":[{"embeddable":true,"href":"https:\/\/daiktaisuistorija.lt\/lt\/wp-json\/wp\/v2\/media\/7608"}],"wp:attachment":[{"href":"https:\/\/daiktaisuistorija.lt\/lt\/wp-json\/wp\/v2\/media?parent=8493"}],"wp:term":[{"taxonomy":"product_cat","embeddable":true,"href":"https:\/\/daiktaisuistorija.lt\/lt\/wp-json\/wp\/v2\/product_cat?post=8493"},{"taxonomy":"product_tag","embeddable":true,"href":"https:\/\/daiktaisuistorija.lt\/lt\/wp-json\/wp\/v2\/product_tag?post=8493"}],"curies":[{"name":"wp","href":"https:\/\/api.w.org\/{rel}","templated":true}]}}