{"id":8498,"date":"2023-10-24T15:03:03","date_gmt":"2023-10-24T15:03:03","guid":{"rendered":"https:\/\/daiktaisuistorija.lt\/?post_type=product&#038;p=8498"},"modified":"2024-03-05T09:54:23","modified_gmt":"2024-03-05T07:54:23","slug":"porcelianinis-krepselis","status":"publish","type":"product","link":"https:\/\/daiktaisuistorija.lt\/lt\/produktas\/porcelianinis-krepselis\/","title":{"rendered":"Porcelianinis krep\u0161elis"},"content":{"rendered":"<p>Melsvas porcelianinis krep\u0161elis cukrui, saldainiams ir pan.<\/p>\n<p>I\u0161matavimai: <br \/>Skersmuo 12cm;<br \/>Auk\u0161tis 6cm.<\/p>\n<p>B\u016bkl\u0117 &#8211; labai gera.<\/p>","protected":false},"excerpt":{"rendered":"<p>Melsvas porcelianinis krep\u0161elis cukrui, saldainiams ir pan. I\u0161matavimai: Skersmuo 12cm;Auk\u0161tis 6cm. B\u016bkl\u0117 &#8211; labai gera.<\/p>","protected":false},"featured_media":7618,"template":"","meta":[],"product_cat":[84,77,52],"product_tag":[],"class_list":["post-8498","product","type-product","status-publish","has-post-thumbnail","hentry","product_cat-ispardavimas","product_cat-kiausiniu-skrebuciu-serveteliu-laikikliai","product_cat-visi-daiktai"],"_links":{"self":[{"href":"https:\/\/daiktaisuistorija.lt\/lt\/wp-json\/wp\/v2\/product\/8498","targetHints":{"allow":["GET"]}}],"collection":[{"href":"https:\/\/daiktaisuistorija.lt\/lt\/wp-json\/wp\/v2\/product"}],"about":[{"href":"https:\/\/daiktaisuistorija.lt\/lt\/wp-json\/wp\/v2\/types\/product"}],"wp:featuredmedia":[{"embeddable":true,"href":"https:\/\/daiktaisuistorija.lt\/lt\/wp-json\/wp\/v2\/media\/7618"}],"wp:attachment":[{"href":"https:\/\/daiktaisuistorija.lt\/lt\/wp-json\/wp\/v2\/media?parent=8498"}],"wp:term":[{"taxonomy":"product_cat","embeddable":true,"href":"https:\/\/daiktaisuistorija.lt\/lt\/wp-json\/wp\/v2\/product_cat?post=8498"},{"taxonomy":"product_tag","embeddable":true,"href":"https:\/\/daiktaisuistorija.lt\/lt\/wp-json\/wp\/v2\/product_tag?post=8498"}],"curies":[{"name":"wp","href":"https:\/\/api.w.org\/{rel}","templated":true}]}}