{"id":8499,"date":"2023-10-24T15:03:03","date_gmt":"2023-10-24T15:03:03","guid":{"rendered":"https:\/\/daiktaisuistorija.lt\/?post_type=product&#038;p=8499"},"modified":"2024-04-10T19:53:16","modified_gmt":"2024-04-10T16:53:16","slug":"porcelianinis-madona-arbatinukas-kavinukas","status":"publish","type":"product","link":"https:\/\/daiktaisuistorija.lt\/lt\/produktas\/porcelianinis-madona-arbatinukas-kavinukas\/","title":{"rendered":"Porcelianinis &#8216;Madona&#8217; arbatinukas\/kavinukas"},"content":{"rendered":"<div>Auk\u0161tos kokyb\u0117s pranc\u016bzi\u0161ko porceliano kavinukas\/arbatinukas. Su Madona atvaizdais. <\/div>\n<div>~1,5l Labai didelis! \ud83e\udd29<\/div>\n<p>B\u016bkl\u0117 &#8211; puiki.<\/p>","protected":false},"excerpt":{"rendered":"<p>Auk\u0161tos kokyb\u0117s pranc\u016bzi\u0161ko porceliano kavinukas\/arbatinukas. Su Madona atvaizdais. ~1,5l Labai didelis! \ud83e\udd29 B\u016bkl\u0117 &#8211; puiki.<\/p>","protected":false},"featured_media":8514,"template":"","meta":[],"product_cat":[72,89],"product_tag":[],"class_list":["post-8499","product","type-product","status-publish","has-post-thumbnail","hentry","product_cat-arbatinukai-kavinukai","product_cat-servizai-ir-rinkiniai"],"_links":{"self":[{"href":"https:\/\/daiktaisuistorija.lt\/lt\/wp-json\/wp\/v2\/product\/8499","targetHints":{"allow":["GET"]}}],"collection":[{"href":"https:\/\/daiktaisuistorija.lt\/lt\/wp-json\/wp\/v2\/product"}],"about":[{"href":"https:\/\/daiktaisuistorija.lt\/lt\/wp-json\/wp\/v2\/types\/product"}],"wp:featuredmedia":[{"embeddable":true,"href":"https:\/\/daiktaisuistorija.lt\/lt\/wp-json\/wp\/v2\/media\/8514"}],"wp:attachment":[{"href":"https:\/\/daiktaisuistorija.lt\/lt\/wp-json\/wp\/v2\/media?parent=8499"}],"wp:term":[{"taxonomy":"product_cat","embeddable":true,"href":"https:\/\/daiktaisuistorija.lt\/lt\/wp-json\/wp\/v2\/product_cat?post=8499"},{"taxonomy":"product_tag","embeddable":true,"href":"https:\/\/daiktaisuistorija.lt\/lt\/wp-json\/wp\/v2\/product_tag?post=8499"}],"curies":[{"name":"wp","href":"https:\/\/api.w.org\/{rel}","templated":true}]}}