{"id":8500,"date":"2023-10-24T15:03:03","date_gmt":"2023-10-24T15:03:03","guid":{"rendered":"https:\/\/daiktaisuistorija.lt\/?post_type=product&#038;p=8500"},"modified":"2024-04-10T19:54:11","modified_gmt":"2024-04-10T16:54:11","slug":"porcelianinis-madona-asotelis","status":"publish","type":"product","link":"https:\/\/daiktaisuistorija.lt\/lt\/produktas\/porcelianinis-madona-asotelis\/","title":{"rendered":"Porcelianinis &#8216;Madona&#8217; \u0105sot\u0117lis"},"content":{"rendered":"<p>Auk\u0161tos kokyb\u0117s pranc\u016bzi\u0161ko porceliano \u0105sot\u0117lis pienui ar grietin\u0117lei. <\/p>\n<p><\/p>\n<div>~320ml<\/div>\n<div>B\u016bkl\u0117 &#8211; puiki.<\/div>","protected":false},"excerpt":{"rendered":"<p>Auk\u0161tos kokyb\u0117s pranc\u016bzi\u0161ko porceliano \u0105sot\u0117lis pienui ar grietin\u0117lei. ~320ml B\u016bkl\u0117 &#8211; puiki.<\/p>","protected":false},"featured_media":8515,"template":"","meta":[],"product_cat":[65,89],"product_tag":[],"class_list":["post-8500","product","type-product","status-publish","has-post-thumbnail","hentry","product_cat-asociai-ir-grafinai","product_cat-servizai-ir-rinkiniai"],"_links":{"self":[{"href":"https:\/\/daiktaisuistorija.lt\/lt\/wp-json\/wp\/v2\/product\/8500","targetHints":{"allow":["GET"]}}],"collection":[{"href":"https:\/\/daiktaisuistorija.lt\/lt\/wp-json\/wp\/v2\/product"}],"about":[{"href":"https:\/\/daiktaisuistorija.lt\/lt\/wp-json\/wp\/v2\/types\/product"}],"wp:featuredmedia":[{"embeddable":true,"href":"https:\/\/daiktaisuistorija.lt\/lt\/wp-json\/wp\/v2\/media\/8515"}],"wp:attachment":[{"href":"https:\/\/daiktaisuistorija.lt\/lt\/wp-json\/wp\/v2\/media?parent=8500"}],"wp:term":[{"taxonomy":"product_cat","embeddable":true,"href":"https:\/\/daiktaisuistorija.lt\/lt\/wp-json\/wp\/v2\/product_cat?post=8500"},{"taxonomy":"product_tag","embeddable":true,"href":"https:\/\/daiktaisuistorija.lt\/lt\/wp-json\/wp\/v2\/product_tag?post=8500"}],"curies":[{"name":"wp","href":"https:\/\/api.w.org\/{rel}","templated":true}]}}