{"id":8504,"date":"2023-10-24T15:03:03","date_gmt":"2023-10-24T15:03:03","guid":{"rendered":"https:\/\/daiktaisuistorija.lt\/?post_type=product&#038;p=8504"},"modified":"2023-11-09T20:27:47","modified_gmt":"2023-11-09T20:27:47","slug":"prabangi-vaza-ant-kojeles","status":"publish","type":"product","link":"https:\/\/daiktaisuistorija.lt\/lt\/produktas\/prabangi-vaza-ant-kojeles\/","title":{"rendered":"Prabangi vaza ant kojel\u0117s"},"content":{"rendered":"<p>Didel\u0117 keramikin\u0117 vaza ant kojel\u0117s. Gausiai paauksuota. Atrodo itin prabangiai.<\/p>\n<p>I\u0161matavimai:<br \/>Auk\u0161tis 20cm;<br \/>Skersmuo su rankenomis 35cm;<br \/>Be ranken\u0173 29cm.<\/p>\n<p>B\u016bkl\u0117 &#8211; labai gera. Minimal\u016bs am\u017eiaus po\u017eymiai. Ne\u017eym\u016bs paauksavimo nusitrynimai.<\/p>","protected":false},"excerpt":{"rendered":"<p>Didel\u0117 keramikin\u0117 vaza ant kojel\u0117s. Gausiai paauksuota. Atrodo itin prabangiai. I\u0161matavimai:Auk\u0161tis 20cm;Skersmuo su rankenomis 35cm;Be ranken\u0173 29cm. B\u016bkl\u0117 &#8211; labai gera. Minimal\u016bs am\u017eiaus po\u017eymiai. Ne\u017eym\u016bs paauksavimo nusitrynimai.<\/p>","protected":false},"featured_media":7626,"template":"","meta":[],"product_cat":[61],"product_tag":[],"class_list":["post-8504","product","type-product","status-publish","has-post-thumbnail","hentry","product_cat-vazos-ir-vazonai"],"_links":{"self":[{"href":"https:\/\/daiktaisuistorija.lt\/lt\/wp-json\/wp\/v2\/product\/8504","targetHints":{"allow":["GET"]}}],"collection":[{"href":"https:\/\/daiktaisuistorija.lt\/lt\/wp-json\/wp\/v2\/product"}],"about":[{"href":"https:\/\/daiktaisuistorija.lt\/lt\/wp-json\/wp\/v2\/types\/product"}],"wp:featuredmedia":[{"embeddable":true,"href":"https:\/\/daiktaisuistorija.lt\/lt\/wp-json\/wp\/v2\/media\/7626"}],"wp:attachment":[{"href":"https:\/\/daiktaisuistorija.lt\/lt\/wp-json\/wp\/v2\/media?parent=8504"}],"wp:term":[{"taxonomy":"product_cat","embeddable":true,"href":"https:\/\/daiktaisuistorija.lt\/lt\/wp-json\/wp\/v2\/product_cat?post=8504"},{"taxonomy":"product_tag","embeddable":true,"href":"https:\/\/daiktaisuistorija.lt\/lt\/wp-json\/wp\/v2\/product_tag?post=8504"}],"curies":[{"name":"wp","href":"https:\/\/api.w.org\/{rel}","templated":true}]}}