{"id":8506,"date":"2023-10-24T15:03:04","date_gmt":"2023-10-24T15:03:04","guid":{"rendered":"https:\/\/daiktaisuistorija.lt\/?post_type=product&#038;p=8506"},"modified":"2023-11-09T22:07:27","modified_gmt":"2023-11-09T22:07:27","slug":"price-kensington-arbatinukas","status":"publish","type":"product","link":"https:\/\/daiktaisuistorija.lt\/lt\/produktas\/price-kensington-arbatinukas\/","title":{"rendered":"Price &#038; Kensington arbatinukas"},"content":{"rendered":"<p>\u017davus, \u0161okoladin\u0117s spalvos arbatinukas. Keramikinis, pagamintas Anglijoje. <\/p>\n<div>Talpa 1l <\/div>\n<div>B\u016bkl\u0117 &#8211; labai gera.<\/div>","protected":false},"excerpt":{"rendered":"<p>\u017davus, \u0161okoladin\u0117s spalvos arbatinukas. Keramikinis, pagamintas Anglijoje. Talpa 1l B\u016bkl\u0117 &#8211; labai gera.<\/p>","protected":false},"featured_media":7630,"template":"","meta":[],"product_cat":[72],"product_tag":[],"class_list":["post-8506","product","type-product","status-publish","has-post-thumbnail","hentry","product_cat-arbatinukai-kavinukai"],"_links":{"self":[{"href":"https:\/\/daiktaisuistorija.lt\/lt\/wp-json\/wp\/v2\/product\/8506","targetHints":{"allow":["GET"]}}],"collection":[{"href":"https:\/\/daiktaisuistorija.lt\/lt\/wp-json\/wp\/v2\/product"}],"about":[{"href":"https:\/\/daiktaisuistorija.lt\/lt\/wp-json\/wp\/v2\/types\/product"}],"wp:featuredmedia":[{"embeddable":true,"href":"https:\/\/daiktaisuistorija.lt\/lt\/wp-json\/wp\/v2\/media\/7630"}],"wp:attachment":[{"href":"https:\/\/daiktaisuistorija.lt\/lt\/wp-json\/wp\/v2\/media?parent=8506"}],"wp:term":[{"taxonomy":"product_cat","embeddable":true,"href":"https:\/\/daiktaisuistorija.lt\/lt\/wp-json\/wp\/v2\/product_cat?post=8506"},{"taxonomy":"product_tag","embeddable":true,"href":"https:\/\/daiktaisuistorija.lt\/lt\/wp-json\/wp\/v2\/product_tag?post=8506"}],"curies":[{"name":"wp","href":"https:\/\/api.w.org\/{rel}","templated":true}]}}