{"id":8528,"date":"2023-10-24T15:03:19","date_gmt":"2023-10-24T15:03:19","guid":{"rendered":"https:\/\/daiktaisuistorija.lt\/?post_type=product&#038;p=8528"},"modified":"2025-03-15T15:45:09","modified_gmt":"2025-03-15T13:45:09","slug":"rankomis-raizyta-terakota-keramikos-vaza","status":"publish","type":"product","link":"https:\/\/daiktaisuistorija.lt\/lt\/produktas\/rankomis-raizyta-terakota-keramikos-vaza\/","title":{"rendered":"Rankomis rai\u017eyta terakota keramikos vaza"},"content":{"rendered":"<p>Unikalios formos vaza dekoruota rankomis i\u0161rai\u017eytais ornamentais. Su autoriaus para\u0161u dugne.<span><\/span><\/p>\n<p>I\u0161matavimai:<br \/>Auk\u0161tis 20 cm;<br \/>Skersmuo 14,5 cm;<br \/>Angos skersmuo 3 cm.<\/p>\n<p>B\u016bkl\u0117 &#8211; labai gera.<\/p>\n<div><\/div>","protected":false},"excerpt":{"rendered":"<p>Unikalios formos vaza dekoruota rankomis i\u0161rai\u017eytais ornamentais. Su autoriaus para\u0161u dugne. I\u0161matavimai:Auk\u0161tis 20 cm;Skersmuo 14,5 cm;Angos skersmuo 3 cm. B\u016bkl\u0117 &#8211; labai gera.<\/p>","protected":false},"featured_media":7668,"template":"","meta":[],"product_cat":[61],"product_tag":[],"class_list":["post-8528","product","type-product","status-publish","has-post-thumbnail","hentry","product_cat-vazos-ir-vazonai"],"_links":{"self":[{"href":"https:\/\/daiktaisuistorija.lt\/lt\/wp-json\/wp\/v2\/product\/8528","targetHints":{"allow":["GET"]}}],"collection":[{"href":"https:\/\/daiktaisuistorija.lt\/lt\/wp-json\/wp\/v2\/product"}],"about":[{"href":"https:\/\/daiktaisuistorija.lt\/lt\/wp-json\/wp\/v2\/types\/product"}],"wp:featuredmedia":[{"embeddable":true,"href":"https:\/\/daiktaisuistorija.lt\/lt\/wp-json\/wp\/v2\/media\/7668"}],"wp:attachment":[{"href":"https:\/\/daiktaisuistorija.lt\/lt\/wp-json\/wp\/v2\/media?parent=8528"}],"wp:term":[{"taxonomy":"product_cat","embeddable":true,"href":"https:\/\/daiktaisuistorija.lt\/lt\/wp-json\/wp\/v2\/product_cat?post=8528"},{"taxonomy":"product_tag","embeddable":true,"href":"https:\/\/daiktaisuistorija.lt\/lt\/wp-json\/wp\/v2\/product_tag?post=8528"}],"curies":[{"name":"wp","href":"https:\/\/api.w.org\/{rel}","templated":true}]}}