{"id":8533,"date":"2023-10-24T15:03:20","date_gmt":"2023-10-24T15:03:20","guid":{"rendered":"https:\/\/daiktaisuistorija.lt\/?post_type=product&#038;p=8533"},"modified":"2023-11-09T21:43:07","modified_gmt":"2023-11-09T21:43:07","slug":"ranku-darbo-vazele-purple-cosmos","status":"publish","type":"product","link":"https:\/\/daiktaisuistorija.lt\/lt\/produktas\/ranku-darbo-vazele-purple-cosmos\/","title":{"rendered":"\u200b Rank\u0173 darbo vazel\u0117 \u201ePurple Cosmos\u201c"},"content":{"rendered":"<p>Violetini\u0173 atspalvi\u0173 vazel\u0117 i\u0161 keramikos.<\/p>\n<p>I\u0161matavimai:<br \/>Auk\u0161tis 12cm;<br \/>Skersmuo 10cm.<\/p>\n<p>B\u016bkl\u0117 &#8211; labai gera.<\/p>","protected":false},"excerpt":{"rendered":"<p>Violetini\u0173 atspalvi\u0173 vazel\u0117 i\u0161 keramikos. I\u0161matavimai:Auk\u0161tis 12cm;Skersmuo 10cm. B\u016bkl\u0117 &#8211; labai gera.<\/p>","protected":false},"featured_media":7678,"template":"","meta":[],"product_cat":[61],"product_tag":[],"class_list":["post-8533","product","type-product","status-publish","has-post-thumbnail","hentry","product_cat-vazos-ir-vazonai"],"_links":{"self":[{"href":"https:\/\/daiktaisuistorija.lt\/lt\/wp-json\/wp\/v2\/product\/8533","targetHints":{"allow":["GET"]}}],"collection":[{"href":"https:\/\/daiktaisuistorija.lt\/lt\/wp-json\/wp\/v2\/product"}],"about":[{"href":"https:\/\/daiktaisuistorija.lt\/lt\/wp-json\/wp\/v2\/types\/product"}],"wp:featuredmedia":[{"embeddable":true,"href":"https:\/\/daiktaisuistorija.lt\/lt\/wp-json\/wp\/v2\/media\/7678"}],"wp:attachment":[{"href":"https:\/\/daiktaisuistorija.lt\/lt\/wp-json\/wp\/v2\/media?parent=8533"}],"wp:term":[{"taxonomy":"product_cat","embeddable":true,"href":"https:\/\/daiktaisuistorija.lt\/lt\/wp-json\/wp\/v2\/product_cat?post=8533"},{"taxonomy":"product_tag","embeddable":true,"href":"https:\/\/daiktaisuistorija.lt\/lt\/wp-json\/wp\/v2\/product_tag?post=8533"}],"curies":[{"name":"wp","href":"https:\/\/api.w.org\/{rel}","templated":true}]}}