{"id":8536,"date":"2023-10-24T15:03:20","date_gmt":"2023-10-24T15:03:20","guid":{"rendered":"https:\/\/daiktaisuistorija.lt\/?post_type=product&#038;p=8536"},"modified":"2025-04-25T16:29:50","modified_gmt":"2025-04-25T13:29:50","slug":"reims-france-zvakide","status":"publish","type":"product","link":"https:\/\/daiktaisuistorija.lt\/lt\/produktas\/reims-france-zvakide\/","title":{"rendered":"Reims France \u017evakid\u0117"},"content":{"rendered":"<p>Sunki, \u017eema pranc\u016bz\u0173 dizaino \u017evakid\u0117.<\/p>\n<p>I\u0161matavimai:<br \/>Auk\u0161tis 5cm;<br \/>Skersmuo 7cm.<\/p>\n<div>B\u016bkl\u0117 &#8211; puiki.<\/div>","protected":false},"excerpt":{"rendered":"<p>Sunki, \u017eema pranc\u016bz\u0173 dizaino \u017evakid\u0117. I\u0161matavimai:Auk\u0161tis 5cm;Skersmuo 7cm. B\u016bkl\u0117 &#8211; puiki.<\/p>","protected":false},"featured_media":7684,"template":"","meta":[],"product_cat":[84,118,70],"product_tag":[],"class_list":["post-8536","product","type-product","status-publish","has-post-thumbnail","hentry","product_cat-ispardavimas","product_cat-kaledos","product_cat-zvakides-ir-sviestuvai"],"_links":{"self":[{"href":"https:\/\/daiktaisuistorija.lt\/lt\/wp-json\/wp\/v2\/product\/8536","targetHints":{"allow":["GET"]}}],"collection":[{"href":"https:\/\/daiktaisuistorija.lt\/lt\/wp-json\/wp\/v2\/product"}],"about":[{"href":"https:\/\/daiktaisuistorija.lt\/lt\/wp-json\/wp\/v2\/types\/product"}],"wp:featuredmedia":[{"embeddable":true,"href":"https:\/\/daiktaisuistorija.lt\/lt\/wp-json\/wp\/v2\/media\/7684"}],"wp:attachment":[{"href":"https:\/\/daiktaisuistorija.lt\/lt\/wp-json\/wp\/v2\/media?parent=8536"}],"wp:term":[{"taxonomy":"product_cat","embeddable":true,"href":"https:\/\/daiktaisuistorija.lt\/lt\/wp-json\/wp\/v2\/product_cat?post=8536"},{"taxonomy":"product_tag","embeddable":true,"href":"https:\/\/daiktaisuistorija.lt\/lt\/wp-json\/wp\/v2\/product_tag?post=8536"}],"curies":[{"name":"wp","href":"https:\/\/api.w.org\/{rel}","templated":true}]}}