{"id":8547,"date":"2023-10-24T15:03:27","date_gmt":"2023-10-24T15:03:27","guid":{"rendered":"https:\/\/daiktaisuistorija.lt\/?post_type=product&#038;p=8547"},"modified":"2023-11-09T20:56:46","modified_gmt":"2023-11-09T20:56:46","slug":"romatiska-lovatiese","status":"publish","type":"product","link":"https:\/\/daiktaisuistorija.lt\/lt\/produktas\/romatiska-lovatiese\/","title":{"rendered":"Romati\u0161ka lovaties\u0117"},"content":{"rendered":"<p>Vinta\u017einio stiliaus lovaties\u0117 banguotais kra\u0161teliais.<\/p>\n<p>I\u0161matavimai:<br \/>142x174cm.<\/p>\n<p>B\u016bkl\u0117 &#8211; labai gera.<\/p>","protected":false},"excerpt":{"rendered":"<p>Vinta\u017einio stiliaus lovaties\u0117 banguotais kra\u0161teliais. I\u0161matavimai:142x174cm. B\u016bkl\u0117 &#8211; labai gera.<\/p>","protected":false},"featured_media":7706,"template":"","meta":[],"product_cat":[67],"product_tag":[],"class_list":["post-8547","product","type-product","status-publish","has-post-thumbnail","hentry","product_cat-tekstile"],"_links":{"self":[{"href":"https:\/\/daiktaisuistorija.lt\/lt\/wp-json\/wp\/v2\/product\/8547","targetHints":{"allow":["GET"]}}],"collection":[{"href":"https:\/\/daiktaisuistorija.lt\/lt\/wp-json\/wp\/v2\/product"}],"about":[{"href":"https:\/\/daiktaisuistorija.lt\/lt\/wp-json\/wp\/v2\/types\/product"}],"wp:featuredmedia":[{"embeddable":true,"href":"https:\/\/daiktaisuistorija.lt\/lt\/wp-json\/wp\/v2\/media\/7706"}],"wp:attachment":[{"href":"https:\/\/daiktaisuistorija.lt\/lt\/wp-json\/wp\/v2\/media?parent=8547"}],"wp:term":[{"taxonomy":"product_cat","embeddable":true,"href":"https:\/\/daiktaisuistorija.lt\/lt\/wp-json\/wp\/v2\/product_cat?post=8547"},{"taxonomy":"product_tag","embeddable":true,"href":"https:\/\/daiktaisuistorija.lt\/lt\/wp-json\/wp\/v2\/product_tag?post=8547"}],"curies":[{"name":"wp","href":"https:\/\/api.w.org\/{rel}","templated":true}]}}