{"id":8554,"date":"2023-10-24T15:03:28","date_gmt":"2023-10-24T15:03:28","guid":{"rendered":"https:\/\/daiktaisuistorija.lt\/?post_type=product&#038;p=8554"},"modified":"2024-05-06T11:59:01","modified_gmt":"2024-05-06T08:59:01","slug":"royal-vale-pyrago-lekste","status":"publish","type":"product","link":"https:\/\/daiktaisuistorija.lt\/lt\/produktas\/royal-vale-pyrago-lekste\/","title":{"rendered":"Royal Vale pyrago l\u0117k\u0161t\u0117"},"content":{"rendered":"<p>Porcelianin\u0117 Royal Vale (Anglija) pyrago serviravimo l\u0117k\u0161t\u0117.<\/p>\n<p>I\u0161matavimai:<br \/>Ilgis 23,5cm;<br \/>\nPlotis 22,5cm.<\/p>\n<p>B\u016bkl\u0117 &#8211; labai gera. Auksinis apvad\u0117lis ne\u017eymiai pasitryn\u0119s.<\/p>","protected":false},"excerpt":{"rendered":"<p>Porcelianin\u0117 Royal Vale (Anglija) pyrago serviravimo l\u0117k\u0161t\u0117. I\u0161matavimai:Ilgis 23,5cm; Plotis 22,5cm. B\u016bkl\u0117 &#8211; labai gera. Auksinis apvad\u0117lis ne\u017eymiai pasitryn\u0119s.<\/p>","protected":false},"featured_media":7718,"template":"","meta":[],"product_cat":[63,89,52],"product_tag":[],"class_list":["post-8554","product","type-product","status-publish","has-post-thumbnail","hentry","product_cat-lekstes-ir-dubeneliai","product_cat-servizai-ir-rinkiniai","product_cat-visi-daiktai"],"_links":{"self":[{"href":"https:\/\/daiktaisuistorija.lt\/lt\/wp-json\/wp\/v2\/product\/8554","targetHints":{"allow":["GET"]}}],"collection":[{"href":"https:\/\/daiktaisuistorija.lt\/lt\/wp-json\/wp\/v2\/product"}],"about":[{"href":"https:\/\/daiktaisuistorija.lt\/lt\/wp-json\/wp\/v2\/types\/product"}],"wp:featuredmedia":[{"embeddable":true,"href":"https:\/\/daiktaisuistorija.lt\/lt\/wp-json\/wp\/v2\/media\/7718"}],"wp:attachment":[{"href":"https:\/\/daiktaisuistorija.lt\/lt\/wp-json\/wp\/v2\/media?parent=8554"}],"wp:term":[{"taxonomy":"product_cat","embeddable":true,"href":"https:\/\/daiktaisuistorija.lt\/lt\/wp-json\/wp\/v2\/product_cat?post=8554"},{"taxonomy":"product_tag","embeddable":true,"href":"https:\/\/daiktaisuistorija.lt\/lt\/wp-json\/wp\/v2\/product_tag?post=8554"}],"curies":[{"name":"wp","href":"https:\/\/api.w.org\/{rel}","templated":true}]}}