{"id":8555,"date":"2023-10-24T15:03:28","date_gmt":"2023-10-24T15:03:28","guid":{"rendered":"https:\/\/daiktaisuistorija.lt\/?post_type=product&#038;p=8555"},"modified":"2024-05-06T11:59:29","modified_gmt":"2024-05-06T08:59:29","slug":"royal-vale-pyrago-lekste-2","status":"publish","type":"product","link":"https:\/\/daiktaisuistorija.lt\/lt\/produktas\/royal-vale-pyrago-lekste-2\/","title":{"rendered":"Royal Vale pyrago l\u0117k\u0161t\u0117"},"content":{"rendered":"<p>Porcelianin\u0117 Royal Vale (Anglija) pyrago serviravimo l\u0117k\u0161t\u0117.<\/p>\n<p>I\u0161matavimai:<br \/>Ilgis 23,5cm;<br \/>Plotis 22,5cm.<\/p>\n<p>B\u016bkl\u0117 &#8211; labai gera.<\/p>\n<div><\/div>","protected":false},"excerpt":{"rendered":"<p>Porcelianin\u0117 Royal Vale (Anglija) pyrago serviravimo l\u0117k\u0161t\u0117. I\u0161matavimai:Ilgis 23,5cm;Plotis 22,5cm. B\u016bkl\u0117 &#8211; labai gera.<\/p>","protected":false},"featured_media":7720,"template":"","meta":[],"product_cat":[63,59,89,107,52],"product_tag":[],"class_list":["post-8555","product","type-product","status-publish","has-post-thumbnail","hentry","product_cat-lekstes-ir-dubeneliai","product_cat-serviravimo-indai","product_cat-servizai-ir-rinkiniai","product_cat-stovai-ir-tortines","product_cat-visi-daiktai"],"_links":{"self":[{"href":"https:\/\/daiktaisuistorija.lt\/lt\/wp-json\/wp\/v2\/product\/8555","targetHints":{"allow":["GET"]}}],"collection":[{"href":"https:\/\/daiktaisuistorija.lt\/lt\/wp-json\/wp\/v2\/product"}],"about":[{"href":"https:\/\/daiktaisuistorija.lt\/lt\/wp-json\/wp\/v2\/types\/product"}],"wp:featuredmedia":[{"embeddable":true,"href":"https:\/\/daiktaisuistorija.lt\/lt\/wp-json\/wp\/v2\/media\/7720"}],"wp:attachment":[{"href":"https:\/\/daiktaisuistorija.lt\/lt\/wp-json\/wp\/v2\/media?parent=8555"}],"wp:term":[{"taxonomy":"product_cat","embeddable":true,"href":"https:\/\/daiktaisuistorija.lt\/lt\/wp-json\/wp\/v2\/product_cat?post=8555"},{"taxonomy":"product_tag","embeddable":true,"href":"https:\/\/daiktaisuistorija.lt\/lt\/wp-json\/wp\/v2\/product_tag?post=8555"}],"curies":[{"name":"wp","href":"https:\/\/api.w.org\/{rel}","templated":true}]}}