{"id":8558,"date":"2023-10-24T15:03:28","date_gmt":"2023-10-24T15:03:28","guid":{"rendered":"https:\/\/daiktaisuistorija.lt\/?post_type=product&#038;p=8558"},"modified":"2024-05-06T11:31:46","modified_gmt":"2024-05-06T08:31:46","slug":"royal-winton-vazonas","status":"publish","type":"product","link":"https:\/\/daiktaisuistorija.lt\/lt\/produktas\/royal-winton-vazonas\/","title":{"rendered":"Royal Winton vazonas"},"content":{"rendered":"<p>Mielas Royal Winton Pottery (Anglija) vazonas su skylute.<\/p>\n<p>I\u0161matavimai:<br \/>Auk\u0161tis 11cm;<br \/>Skersmuo 11,5cm.<\/p>\n<p>B\u016bkl\u0117 &#8211; gera. Glaz\u016bra suai\u017eiojusi, yra keli patams\u0117jimai atsirad\u0119 d\u0117l naudojimo (\u017ei\u016br\u0117ti paskutin\u0119 nuotrauk\u0105).<\/p>","protected":false},"excerpt":{"rendered":"<p>Mielas Royal Winton Pottery (Anglija) vazonas su skylute. I\u0161matavimai:Auk\u0161tis 11cm;Skersmuo 11,5cm. B\u016bkl\u0117 &#8211; gera. Glaz\u016bra suai\u017eiojusi, yra keli patams\u0117jimai atsirad\u0119 d\u0117l naudojimo (\u017ei\u016br\u0117ti paskutin\u0119 nuotrauk\u0105).<\/p>","protected":false},"featured_media":7726,"template":"","meta":[],"product_cat":[61,52],"product_tag":[],"class_list":["post-8558","product","type-product","status-publish","has-post-thumbnail","hentry","product_cat-vazos-ir-vazonai","product_cat-visi-daiktai"],"_links":{"self":[{"href":"https:\/\/daiktaisuistorija.lt\/lt\/wp-json\/wp\/v2\/product\/8558","targetHints":{"allow":["GET"]}}],"collection":[{"href":"https:\/\/daiktaisuistorija.lt\/lt\/wp-json\/wp\/v2\/product"}],"about":[{"href":"https:\/\/daiktaisuistorija.lt\/lt\/wp-json\/wp\/v2\/types\/product"}],"wp:featuredmedia":[{"embeddable":true,"href":"https:\/\/daiktaisuistorija.lt\/lt\/wp-json\/wp\/v2\/media\/7726"}],"wp:attachment":[{"href":"https:\/\/daiktaisuistorija.lt\/lt\/wp-json\/wp\/v2\/media?parent=8558"}],"wp:term":[{"taxonomy":"product_cat","embeddable":true,"href":"https:\/\/daiktaisuistorija.lt\/lt\/wp-json\/wp\/v2\/product_cat?post=8558"},{"taxonomy":"product_tag","embeddable":true,"href":"https:\/\/daiktaisuistorija.lt\/lt\/wp-json\/wp\/v2\/product_tag?post=8558"}],"curies":[{"name":"wp","href":"https:\/\/api.w.org\/{rel}","templated":true}]}}