{"id":8564,"date":"2023-10-24T15:03:29","date_gmt":"2023-10-24T15:03:29","guid":{"rendered":"https:\/\/daiktaisuistorija.lt\/?post_type=product&#038;p=8564"},"modified":"2023-11-07T10:13:14","modified_gmt":"2023-11-07T10:13:14","slug":"saukstelis-su-inicialais","status":"publish","type":"product","link":"https:\/\/daiktaisuistorija.lt\/lt\/produktas\/saukstelis-su-inicialais\/","title":{"rendered":"\u0160auk\u0161telis su inicialais"},"content":{"rendered":"<p>Nedidelis \u0161auk\u0161telis su i\u0161graviruotais inicialais. <\/p>\n<p>Ilgis 9cm.<\/p>\n<p>B\u016bkl\u0117 &#8211; yra nusid\u0117v\u0117jimo po\u017eymi\u0173, vietomis nusitryn\u0119s vir\u0161utinis metalo sluoksnis (matoma nuotraukose).<\/p>","protected":false},"excerpt":{"rendered":"<p>Nedidelis \u0161auk\u0161telis su i\u0161graviruotais inicialais. Ilgis 9cm. B\u016bkl\u0117 &#8211; yra nusid\u0117v\u0117jimo po\u017eymi\u0173, vietomis nusitryn\u0119s vir\u0161utinis metalo sluoksnis (matoma nuotraukose).<\/p>","protected":false},"featured_media":7736,"template":"","meta":[],"product_cat":[64,52],"product_tag":[],"class_list":["post-8564","product","type-product","status-publish","has-post-thumbnail","hentry","product_cat-stalo-irankiai","product_cat-visi-daiktai"],"_links":{"self":[{"href":"https:\/\/daiktaisuistorija.lt\/lt\/wp-json\/wp\/v2\/product\/8564","targetHints":{"allow":["GET"]}}],"collection":[{"href":"https:\/\/daiktaisuistorija.lt\/lt\/wp-json\/wp\/v2\/product"}],"about":[{"href":"https:\/\/daiktaisuistorija.lt\/lt\/wp-json\/wp\/v2\/types\/product"}],"wp:featuredmedia":[{"embeddable":true,"href":"https:\/\/daiktaisuistorija.lt\/lt\/wp-json\/wp\/v2\/media\/7736"}],"wp:attachment":[{"href":"https:\/\/daiktaisuistorija.lt\/lt\/wp-json\/wp\/v2\/media?parent=8564"}],"wp:term":[{"taxonomy":"product_cat","embeddable":true,"href":"https:\/\/daiktaisuistorija.lt\/lt\/wp-json\/wp\/v2\/product_cat?post=8564"},{"taxonomy":"product_tag","embeddable":true,"href":"https:\/\/daiktaisuistorija.lt\/lt\/wp-json\/wp\/v2\/product_tag?post=8564"}],"curies":[{"name":"wp","href":"https:\/\/api.w.org\/{rel}","templated":true}]}}