{"id":8579,"date":"2023-10-24T15:03:40","date_gmt":"2023-10-24T15:03:40","guid":{"rendered":"https:\/\/daiktaisuistorija.lt\/?post_type=product&#038;p=8579"},"modified":"2023-11-07T09:43:11","modified_gmt":"2023-11-07T09:43:11","slug":"serviravimo-irankiai","status":"publish","type":"product","link":"https:\/\/daiktaisuistorija.lt\/lt\/produktas\/serviravimo-irankiai\/","title":{"rendered":"Serviravimo \u012frankiai"},"content":{"rendered":"<p>Torto peilio bei didel\u0117s \u0161akut\u0117s komplektas. Vir\u0161utin\u0117 dalis i\u0161 ner\u016bdijan\u010dio plieno, rankenos i\u0161 aliuminio.<\/p>\n<p>Torto peilio i\u0161matavimai:<br \/>Ilgis 29cm;<br \/>Plotis 5cm.<\/p>\n<p>\u0160akut\u0117s i\u0161matavimai:<br \/>Ilgis 25cm;<br \/>Plotis 4cm.<\/p>\n<p>B\u016bkl\u0117 &#8211; gera. Yra ne\u017eymi\u0173 naudojimo po\u017eymi\u0173, \u012fbr\u0117\u017eim\u0173.<\/p>","protected":false},"excerpt":{"rendered":"<p>Torto peilio bei didel\u0117s \u0161akut\u0117s komplektas. Vir\u0161utin\u0117 dalis i\u0161 ner\u016bdijan\u010dio plieno, rankenos i\u0161 aliuminio. Torto peilio i\u0161matavimai:Ilgis 29cm;Plotis 5cm. \u0160akut\u0117s i\u0161matavimai:Ilgis 25cm;Plotis 4cm. B\u016bkl\u0117 &#8211; gera. Yra ne\u017eymi\u0173 naudojimo po\u017eymi\u0173, \u012fbr\u0117\u017eim\u0173.<\/p>","protected":false},"featured_media":7762,"template":"","meta":[],"product_cat":[64,52],"product_tag":[],"class_list":["post-8579","product","type-product","status-publish","has-post-thumbnail","hentry","product_cat-stalo-irankiai","product_cat-visi-daiktai"],"_links":{"self":[{"href":"https:\/\/daiktaisuistorija.lt\/lt\/wp-json\/wp\/v2\/product\/8579","targetHints":{"allow":["GET"]}}],"collection":[{"href":"https:\/\/daiktaisuistorija.lt\/lt\/wp-json\/wp\/v2\/product"}],"about":[{"href":"https:\/\/daiktaisuistorija.lt\/lt\/wp-json\/wp\/v2\/types\/product"}],"wp:featuredmedia":[{"embeddable":true,"href":"https:\/\/daiktaisuistorija.lt\/lt\/wp-json\/wp\/v2\/media\/7762"}],"wp:attachment":[{"href":"https:\/\/daiktaisuistorija.lt\/lt\/wp-json\/wp\/v2\/media?parent=8579"}],"wp:term":[{"taxonomy":"product_cat","embeddable":true,"href":"https:\/\/daiktaisuistorija.lt\/lt\/wp-json\/wp\/v2\/product_cat?post=8579"},{"taxonomy":"product_tag","embeddable":true,"href":"https:\/\/daiktaisuistorija.lt\/lt\/wp-json\/wp\/v2\/product_tag?post=8579"}],"curies":[{"name":"wp","href":"https:\/\/api.w.org\/{rel}","templated":true}]}}