{"id":8585,"date":"2023-10-24T15:03:41","date_gmt":"2023-10-24T15:03:41","guid":{"rendered":"https:\/\/daiktaisuistorija.lt\/?post_type=product&#038;p=8585"},"modified":"2023-11-07T10:13:13","modified_gmt":"2023-11-07T10:13:13","slug":"siuvineta-staltiesele-2","status":"publish","type":"product","link":"https:\/\/daiktaisuistorija.lt\/lt\/produktas\/siuvineta-staltiesele-2\/","title":{"rendered":"Siuvin\u0117ta stalties\u0117l\u0117"},"content":{"rendered":"<p>Medvilnin\u0117 stalties\u0117l\u0117 banguotais kra\u0161teliais. <\/p>\n<p>B\u016bkl\u0117 &#8211; labai gera.<\/p>","protected":false},"excerpt":{"rendered":"<p>Medvilnin\u0117 stalties\u0117l\u0117 banguotais kra\u0161teliais. B\u016bkl\u0117 &#8211; labai gera.<\/p>","protected":false},"featured_media":7774,"template":"","meta":[],"product_cat":[67,52],"product_tag":[],"class_list":["post-8585","product","type-product","status-publish","has-post-thumbnail","hentry","product_cat-tekstile","product_cat-visi-daiktai"],"_links":{"self":[{"href":"https:\/\/daiktaisuistorija.lt\/lt\/wp-json\/wp\/v2\/product\/8585","targetHints":{"allow":["GET"]}}],"collection":[{"href":"https:\/\/daiktaisuistorija.lt\/lt\/wp-json\/wp\/v2\/product"}],"about":[{"href":"https:\/\/daiktaisuistorija.lt\/lt\/wp-json\/wp\/v2\/types\/product"}],"wp:featuredmedia":[{"embeddable":true,"href":"https:\/\/daiktaisuistorija.lt\/lt\/wp-json\/wp\/v2\/media\/7774"}],"wp:attachment":[{"href":"https:\/\/daiktaisuistorija.lt\/lt\/wp-json\/wp\/v2\/media?parent=8585"}],"wp:term":[{"taxonomy":"product_cat","embeddable":true,"href":"https:\/\/daiktaisuistorija.lt\/lt\/wp-json\/wp\/v2\/product_cat?post=8585"},{"taxonomy":"product_tag","embeddable":true,"href":"https:\/\/daiktaisuistorija.lt\/lt\/wp-json\/wp\/v2\/product_tag?post=8585"}],"curies":[{"name":"wp","href":"https:\/\/api.w.org\/{rel}","templated":true}]}}