{"id":8594,"date":"2023-10-24T15:03:42","date_gmt":"2023-10-24T15:03:42","guid":{"rendered":"https:\/\/daiktaisuistorija.lt\/?post_type=product&#038;p=8594"},"modified":"2023-11-07T09:43:09","modified_gmt":"2023-11-07T09:43:09","slug":"spode-iris-and-sphaerolobium-kepimo-forma","status":"publish","type":"product","link":"https:\/\/daiktaisuistorija.lt\/lt\/produktas\/spode-iris-and-sphaerolobium-kepimo-forma\/","title":{"rendered":"Spode \u201eIris and Sphaerolobium\u201c kepimo forma"},"content":{"rendered":"<p>Porcelianin\u0117 Spode (Anglija) kepimo forma paauksuotu kra\u0161teliu.<\/p>\n<p>I\u0161matavimai:<br \/>Skersmuo 23cm;<br \/>Auk\u0161tis 3cm.<\/p>\n<p>B\u016bkl\u0117 &#8211; labai gera. Minimal\u016bs naudojimo po\u017eymiai.<\/p>","protected":false},"excerpt":{"rendered":"<p>Porcelianin\u0117 Spode (Anglija) kepimo forma paauksuotu kra\u0161teliu. I\u0161matavimai:Skersmuo 23cm;Auk\u0161tis 3cm. B\u016bkl\u0117 &#8211; labai gera. Minimal\u016bs naudojimo po\u017eymiai.<\/p>","protected":false},"featured_media":7788,"template":"","meta":[],"product_cat":[52],"product_tag":[],"class_list":["post-8594","product","type-product","status-publish","has-post-thumbnail","hentry","product_cat-visi-daiktai"],"_links":{"self":[{"href":"https:\/\/daiktaisuistorija.lt\/lt\/wp-json\/wp\/v2\/product\/8594","targetHints":{"allow":["GET"]}}],"collection":[{"href":"https:\/\/daiktaisuistorija.lt\/lt\/wp-json\/wp\/v2\/product"}],"about":[{"href":"https:\/\/daiktaisuistorija.lt\/lt\/wp-json\/wp\/v2\/types\/product"}],"wp:featuredmedia":[{"embeddable":true,"href":"https:\/\/daiktaisuistorija.lt\/lt\/wp-json\/wp\/v2\/media\/7788"}],"wp:attachment":[{"href":"https:\/\/daiktaisuistorija.lt\/lt\/wp-json\/wp\/v2\/media?parent=8594"}],"wp:term":[{"taxonomy":"product_cat","embeddable":true,"href":"https:\/\/daiktaisuistorija.lt\/lt\/wp-json\/wp\/v2\/product_cat?post=8594"},{"taxonomy":"product_tag","embeddable":true,"href":"https:\/\/daiktaisuistorija.lt\/lt\/wp-json\/wp\/v2\/product_tag?post=8594"}],"curies":[{"name":"wp","href":"https:\/\/api.w.org\/{rel}","templated":true}]}}