{"id":8596,"date":"2023-10-24T15:03:42","date_gmt":"2023-10-24T15:03:42","guid":{"rendered":"https:\/\/daiktaisuistorija.lt\/?post_type=product&#038;p=8596"},"modified":"2023-11-09T21:38:32","modified_gmt":"2023-11-09T21:38:32","slug":"staltiese-dangaus-gabalelis","status":"publish","type":"product","link":"https:\/\/daiktaisuistorija.lt\/lt\/produktas\/staltiese-dangaus-gabalelis\/","title":{"rendered":"Stalties\u0117 \u201eDangaus gabal\u0117lis\u201c"},"content":{"rendered":"<p>Vinta\u017ein\u0117 stalties\u0117 banguotais kra\u0161teliais. Dangaus melsvumo spalvos. <\/p>\n<p>I\u0161matavimai: 128x174cm<\/p>\n<p>B\u016bkl\u0117 &#8211; labai gera.<\/p>","protected":false},"excerpt":{"rendered":"<p>Vinta\u017ein\u0117 stalties\u0117 banguotais kra\u0161teliais. Dangaus melsvumo spalvos. I\u0161matavimai: 128x174cm B\u016bkl\u0117 &#8211; labai gera.<\/p>","protected":false},"featured_media":7797,"template":"","meta":[],"product_cat":[67],"product_tag":[],"class_list":["post-8596","product","type-product","status-publish","has-post-thumbnail","hentry","product_cat-tekstile"],"_links":{"self":[{"href":"https:\/\/daiktaisuistorija.lt\/lt\/wp-json\/wp\/v2\/product\/8596","targetHints":{"allow":["GET"]}}],"collection":[{"href":"https:\/\/daiktaisuistorija.lt\/lt\/wp-json\/wp\/v2\/product"}],"about":[{"href":"https:\/\/daiktaisuistorija.lt\/lt\/wp-json\/wp\/v2\/types\/product"}],"wp:featuredmedia":[{"embeddable":true,"href":"https:\/\/daiktaisuistorija.lt\/lt\/wp-json\/wp\/v2\/media\/7797"}],"wp:attachment":[{"href":"https:\/\/daiktaisuistorija.lt\/lt\/wp-json\/wp\/v2\/media?parent=8596"}],"wp:term":[{"taxonomy":"product_cat","embeddable":true,"href":"https:\/\/daiktaisuistorija.lt\/lt\/wp-json\/wp\/v2\/product_cat?post=8596"},{"taxonomy":"product_tag","embeddable":true,"href":"https:\/\/daiktaisuistorija.lt\/lt\/wp-json\/wp\/v2\/product_tag?post=8596"}],"curies":[{"name":"wp","href":"https:\/\/api.w.org\/{rel}","templated":true}]}}