{"id":8603,"date":"2023-10-24T15:03:43","date_gmt":"2023-10-24T15:03:43","guid":{"rendered":"https:\/\/daiktaisuistorija.lt\/?post_type=product&#038;p=8603"},"modified":"2023-12-11T13:20:29","modified_gmt":"2023-12-11T11:20:29","slug":"stikliniu-leksciu-pora","status":"publish","type":"product","link":"https:\/\/daiktaisuistorija.lt\/lt\/produktas\/stikliniu-leksciu-pora\/","title":{"rendered":"Stiklini\u0173 l\u0117k\u0161\u010di\u0173 pora"},"content":{"rendered":"<p>Stiklini\u0173 g\u0117l\u0117s \u017eiedo pavidalo l\u0117k\u0161\u010di\u0173 pora.<\/p>\n<p>I\u0161matavimai:<br \/>Skersmuo 27cm.<\/p>\n<p>B\u016bkl\u0117 &#8211; labai gera.<\/p>","protected":false},"excerpt":{"rendered":"<p>Stiklini\u0173 g\u0117l\u0117s \u017eiedo pavidalo l\u0117k\u0161\u010di\u0173 pora. I\u0161matavimai:Skersmuo 27cm. B\u016bkl\u0117 &#8211; labai gera.<\/p>","protected":false},"featured_media":7807,"template":"","meta":[],"product_cat":[63,52],"product_tag":[],"class_list":["post-8603","product","type-product","status-publish","has-post-thumbnail","hentry","product_cat-lekstes-ir-dubeneliai","product_cat-visi-daiktai"],"_links":{"self":[{"href":"https:\/\/daiktaisuistorija.lt\/lt\/wp-json\/wp\/v2\/product\/8603","targetHints":{"allow":["GET"]}}],"collection":[{"href":"https:\/\/daiktaisuistorija.lt\/lt\/wp-json\/wp\/v2\/product"}],"about":[{"href":"https:\/\/daiktaisuistorija.lt\/lt\/wp-json\/wp\/v2\/types\/product"}],"wp:featuredmedia":[{"embeddable":true,"href":"https:\/\/daiktaisuistorija.lt\/lt\/wp-json\/wp\/v2\/media\/7807"}],"wp:attachment":[{"href":"https:\/\/daiktaisuistorija.lt\/lt\/wp-json\/wp\/v2\/media?parent=8603"}],"wp:term":[{"taxonomy":"product_cat","embeddable":true,"href":"https:\/\/daiktaisuistorija.lt\/lt\/wp-json\/wp\/v2\/product_cat?post=8603"},{"taxonomy":"product_tag","embeddable":true,"href":"https:\/\/daiktaisuistorija.lt\/lt\/wp-json\/wp\/v2\/product_tag?post=8603"}],"curies":[{"name":"wp","href":"https:\/\/api.w.org\/{rel}","templated":true}]}}