{"id":8616,"date":"2023-10-24T15:03:59","date_gmt":"2023-10-24T15:03:59","guid":{"rendered":"https:\/\/daiktaisuistorija.lt\/?post_type=product&#038;p=8616"},"modified":"2024-05-06T11:14:58","modified_gmt":"2024-05-06T08:14:58","slug":"taskuotas-asotis","status":"publish","type":"product","link":"https:\/\/daiktaisuistorija.lt\/lt\/produktas\/taskuotas-asotis\/","title":{"rendered":"Ta\u0161kuotas \u0105sotis"},"content":{"rendered":"<p>\u0160viesus, originalios formos keramikinis \u0105sotis.<\/p>\n<p>Talpa 800 ml.<\/p>\n<p>B\u016bkl\u0117 &#8211; gera. Yra nedidelis \u012fbr\u0117\u017eimas (\u017ei\u016br\u0117ti nuotraukas). Viduje suai\u017eiojusi glaz\u016bra, ta\u010diau naudojimui tai netrukdo.<\/p>","protected":false},"excerpt":{"rendered":"<p>\u0160viesus, originalios formos keramikinis \u0105sotis. Talpa 800 ml. B\u016bkl\u0117 &#8211; gera. Yra nedidelis \u012fbr\u0117\u017eimas (\u017ei\u016br\u0117ti nuotraukas). Viduje suai\u017eiojusi glaz\u016bra, ta\u010diau naudojimui tai netrukdo.<\/p>","protected":false},"featured_media":7830,"template":"","meta":[],"product_cat":[65,52],"product_tag":[],"class_list":["post-8616","product","type-product","status-publish","has-post-thumbnail","hentry","product_cat-asociai-ir-grafinai","product_cat-visi-daiktai"],"_links":{"self":[{"href":"https:\/\/daiktaisuistorija.lt\/lt\/wp-json\/wp\/v2\/product\/8616","targetHints":{"allow":["GET"]}}],"collection":[{"href":"https:\/\/daiktaisuistorija.lt\/lt\/wp-json\/wp\/v2\/product"}],"about":[{"href":"https:\/\/daiktaisuistorija.lt\/lt\/wp-json\/wp\/v2\/types\/product"}],"wp:featuredmedia":[{"embeddable":true,"href":"https:\/\/daiktaisuistorija.lt\/lt\/wp-json\/wp\/v2\/media\/7830"}],"wp:attachment":[{"href":"https:\/\/daiktaisuistorija.lt\/lt\/wp-json\/wp\/v2\/media?parent=8616"}],"wp:term":[{"taxonomy":"product_cat","embeddable":true,"href":"https:\/\/daiktaisuistorija.lt\/lt\/wp-json\/wp\/v2\/product_cat?post=8616"},{"taxonomy":"product_tag","embeddable":true,"href":"https:\/\/daiktaisuistorija.lt\/lt\/wp-json\/wp\/v2\/product_tag?post=8616"}],"curies":[{"name":"wp","href":"https:\/\/api.w.org\/{rel}","templated":true}]}}