{"id":8630,"date":"2023-10-24T15:04:01","date_gmt":"2023-10-24T15:04:01","guid":{"rendered":"https:\/\/daiktaisuistorija.lt\/?post_type=product&#038;p=8630"},"modified":"2023-11-10T11:04:38","modified_gmt":"2023-11-10T11:04:38","slug":"vaza-misko-zaluma","status":"publish","type":"product","link":"https:\/\/daiktaisuistorija.lt\/lt\/produktas\/vaza-misko-zaluma\/","title":{"rendered":"Vaza &#8211; \u201eMi\u0161ko \u017ealuma\u201d"},"content":{"rendered":"<p>Didel\u0117 tamsiai \u017ealios spalvos keramikin\u0117 vaza. Tarsi i\u0161nirusi tiesiai i\u0161 mi\u0161ko g\u016bdum\u0173. Klasikin\u0117s formos.<br \/>\u012esp\u016bdingai atrodo tiek su ry\u0161kiaspalv\u0117mis g\u0117l\u0117mis tiek su d\u017eiovintomis, blankesni\u0173 spalv\u0173 kompozicijomis.<\/p>\n<p>I\u0161matavimai:<br \/>Auk\u0161tis 31 cm;<br \/>Skersmuo 17 cm;<br \/>Angos skersmuo 11 cm.<\/p>\n<p>B\u016bkl\u0117 &#8211; labai gera. Minimal\u016bs naudojimo po\u017eymiai. Akiai sunkiai pastebimi \u012fbr\u0117\u017eimai.<\/p>","protected":false},"excerpt":{"rendered":"<p>Didel\u0117 tamsiai \u017ealios spalvos keramikin\u0117 vaza. Tarsi i\u0161nirusi tiesiai i\u0161 mi\u0161ko g\u016bdum\u0173. Klasikin\u0117s formos.\u012esp\u016bdingai atrodo tiek su ry\u0161kiaspalv\u0117mis g\u0117l\u0117mis tiek su d\u017eiovintomis, blankesni\u0173 spalv\u0173 kompozicijomis. I\u0161matavimai:Auk\u0161tis 31 cm;Skersmuo 17 cm;Angos skersmuo 11 cm. B\u016bkl\u0117 &#8211; labai gera. Minimal\u016bs naudojimo po\u017eymiai. Akiai sunkiai pastebimi \u012fbr\u0117\u017eimai.<\/p>","protected":false},"featured_media":7856,"template":"","meta":[],"product_cat":[61],"product_tag":[],"class_list":["post-8630","product","type-product","status-publish","has-post-thumbnail","hentry","product_cat-vazos-ir-vazonai"],"_links":{"self":[{"href":"https:\/\/daiktaisuistorija.lt\/lt\/wp-json\/wp\/v2\/product\/8630","targetHints":{"allow":["GET"]}}],"collection":[{"href":"https:\/\/daiktaisuistorija.lt\/lt\/wp-json\/wp\/v2\/product"}],"about":[{"href":"https:\/\/daiktaisuistorija.lt\/lt\/wp-json\/wp\/v2\/types\/product"}],"wp:featuredmedia":[{"embeddable":true,"href":"https:\/\/daiktaisuistorija.lt\/lt\/wp-json\/wp\/v2\/media\/7856"}],"wp:attachment":[{"href":"https:\/\/daiktaisuistorija.lt\/lt\/wp-json\/wp\/v2\/media?parent=8630"}],"wp:term":[{"taxonomy":"product_cat","embeddable":true,"href":"https:\/\/daiktaisuistorija.lt\/lt\/wp-json\/wp\/v2\/product_cat?post=8630"},{"taxonomy":"product_tag","embeddable":true,"href":"https:\/\/daiktaisuistorija.lt\/lt\/wp-json\/wp\/v2\/product_tag?post=8630"}],"curies":[{"name":"wp","href":"https:\/\/api.w.org\/{rel}","templated":true}]}}