{"id":8649,"date":"2023-10-24T15:04:18","date_gmt":"2023-10-24T15:04:18","guid":{"rendered":"https:\/\/daiktaisuistorija.lt\/?post_type=product&#038;p=8649"},"modified":"2023-11-07T10:13:09","modified_gmt":"2023-11-07T10:13:09","slug":"vintazine-moline-cukrine","status":"publish","type":"product","link":"https:\/\/daiktaisuistorija.lt\/lt\/produktas\/vintazine-moline-cukrine\/","title":{"rendered":"Vinta\u017ein\u0117 molin\u0117 cukrin\u0117"},"content":{"rendered":"<p>Molin\u0117 cukrin\u0117 su skylute \u0161auk\u0161teliui.<\/p>\n<p>I\u0161matavimai:Auk\u0161tis 7,5cm;<br \/>Skersmuo 10cm.<\/p>\n<div>B\u016bkl\u0117 &#8211; gera. Yra mini nuskilimas kra\u0161telyje (paskutin\u0117 nuotrauka).<\/div>","protected":false},"excerpt":{"rendered":"<p>Molin\u0117 cukrin\u0117 su skylute \u0161auk\u0161teliui. I\u0161matavimai:Auk\u0161tis 7,5cm;Skersmuo 10cm. B\u016bkl\u0117 &#8211; gera. Yra mini nuskilimas kra\u0161telyje (paskutin\u0117 nuotrauka).<\/p>","protected":false},"featured_media":7890,"template":"","meta":[],"product_cat":[77,52],"product_tag":[],"class_list":["post-8649","product","type-product","status-publish","has-post-thumbnail","hentry","product_cat-kiausiniu-skrebuciu-serveteliu-laikikliai","product_cat-visi-daiktai"],"_links":{"self":[{"href":"https:\/\/daiktaisuistorija.lt\/lt\/wp-json\/wp\/v2\/product\/8649","targetHints":{"allow":["GET"]}}],"collection":[{"href":"https:\/\/daiktaisuistorija.lt\/lt\/wp-json\/wp\/v2\/product"}],"about":[{"href":"https:\/\/daiktaisuistorija.lt\/lt\/wp-json\/wp\/v2\/types\/product"}],"wp:featuredmedia":[{"embeddable":true,"href":"https:\/\/daiktaisuistorija.lt\/lt\/wp-json\/wp\/v2\/media\/7890"}],"wp:attachment":[{"href":"https:\/\/daiktaisuistorija.lt\/lt\/wp-json\/wp\/v2\/media?parent=8649"}],"wp:term":[{"taxonomy":"product_cat","embeddable":true,"href":"https:\/\/daiktaisuistorija.lt\/lt\/wp-json\/wp\/v2\/product_cat?post=8649"},{"taxonomy":"product_tag","embeddable":true,"href":"https:\/\/daiktaisuistorija.lt\/lt\/wp-json\/wp\/v2\/product_tag?post=8649"}],"curies":[{"name":"wp","href":"https:\/\/api.w.org\/{rel}","templated":true}]}}