{"id":8654,"date":"2023-10-24T15:04:19","date_gmt":"2023-10-24T15:04:19","guid":{"rendered":"https:\/\/daiktaisuistorija.lt\/?post_type=product&#038;p=8654"},"modified":"2023-11-09T20:41:58","modified_gmt":"2023-11-09T20:41:58","slug":"vintazine-staltiesele-ranksluostis","status":"publish","type":"product","link":"https:\/\/daiktaisuistorija.lt\/lt\/produktas\/vintazine-staltiesele-ranksluostis\/","title":{"rendered":"Vinta\u017ein\u0117 stalties\u0117l\u0117 &#8211; rank\u0161luostis"},"content":{"rendered":"<p>Vinta\u017einis medvilinis rank\u0161luostis. Puikiai atrodo ir kaip stalties\u0117.<\/p>\n<p>I\u0161matavimai:<br \/>69x51cm<\/p>\n<p>B\u016bkl\u0117 &#8211; puiki.<\/p>","protected":false},"excerpt":{"rendered":"<p>Vinta\u017einis medvilinis rank\u0161luostis. Puikiai atrodo ir kaip stalties\u0117. I\u0161matavimai:69x51cm B\u016bkl\u0117 &#8211; puiki.<\/p>","protected":false},"featured_media":7900,"template":"","meta":[],"product_cat":[67],"product_tag":[],"class_list":["post-8654","product","type-product","status-publish","has-post-thumbnail","hentry","product_cat-tekstile"],"_links":{"self":[{"href":"https:\/\/daiktaisuistorija.lt\/lt\/wp-json\/wp\/v2\/product\/8654","targetHints":{"allow":["GET"]}}],"collection":[{"href":"https:\/\/daiktaisuistorija.lt\/lt\/wp-json\/wp\/v2\/product"}],"about":[{"href":"https:\/\/daiktaisuistorija.lt\/lt\/wp-json\/wp\/v2\/types\/product"}],"wp:featuredmedia":[{"embeddable":true,"href":"https:\/\/daiktaisuistorija.lt\/lt\/wp-json\/wp\/v2\/media\/7900"}],"wp:attachment":[{"href":"https:\/\/daiktaisuistorija.lt\/lt\/wp-json\/wp\/v2\/media?parent=8654"}],"wp:term":[{"taxonomy":"product_cat","embeddable":true,"href":"https:\/\/daiktaisuistorija.lt\/lt\/wp-json\/wp\/v2\/product_cat?post=8654"},{"taxonomy":"product_tag","embeddable":true,"href":"https:\/\/daiktaisuistorija.lt\/lt\/wp-json\/wp\/v2\/product_tag?post=8654"}],"curies":[{"name":"wp","href":"https:\/\/api.w.org\/{rel}","templated":true}]}}