{"id":8667,"date":"2023-10-24T15:04:20","date_gmt":"2023-10-24T15:04:20","guid":{"rendered":"https:\/\/daiktaisuistorija.lt\/?post_type=product&#038;p=8667"},"modified":"2024-01-30T11:02:52","modified_gmt":"2024-01-30T09:02:52","slug":"wedgwood-fruit-sprays-kepimo-forma","status":"publish","type":"product","link":"https:\/\/daiktaisuistorija.lt\/lt\/produktas\/wedgwood-fruit-sprays-kepimo-forma\/","title":{"rendered":"Wedgwood \u201eFruit Sprays\u201c kepimo forma"},"content":{"rendered":"<p>Wedgwood (Anglija) porcelianin\u0117 kepimo forma dekoruota vaisiais.<\/p>\n<p>I\u0161matavimai:<br \/>\nSkersmuo 19cm.<\/p>\n<p>B\u016bkl\u0117 &#8211; labai gera. Minimal\u016bs naudojimo po\u017eymiai.<\/p>","protected":false},"excerpt":{"rendered":"<p>Wedgwood (Anglija) porcelianin\u0117 kepimo forma dekoruota vaisiais. I\u0161matavimai: Skersmuo 19cm. B\u016bkl\u0117 &#8211; labai gera. Minimal\u016bs naudojimo po\u017eymiai.<\/p>","protected":false},"featured_media":7924,"template":"","meta":[],"product_cat":[84,86,52],"product_tag":[],"class_list":["post-8667","product","type-product","status-publish","has-post-thumbnail","hentry","product_cat-ispardavimas","product_cat-kepimo-formos","product_cat-visi-daiktai"],"_links":{"self":[{"href":"https:\/\/daiktaisuistorija.lt\/lt\/wp-json\/wp\/v2\/product\/8667","targetHints":{"allow":["GET"]}}],"collection":[{"href":"https:\/\/daiktaisuistorija.lt\/lt\/wp-json\/wp\/v2\/product"}],"about":[{"href":"https:\/\/daiktaisuistorija.lt\/lt\/wp-json\/wp\/v2\/types\/product"}],"wp:featuredmedia":[{"embeddable":true,"href":"https:\/\/daiktaisuistorija.lt\/lt\/wp-json\/wp\/v2\/media\/7924"}],"wp:attachment":[{"href":"https:\/\/daiktaisuistorija.lt\/lt\/wp-json\/wp\/v2\/media?parent=8667"}],"wp:term":[{"taxonomy":"product_cat","embeddable":true,"href":"https:\/\/daiktaisuistorija.lt\/lt\/wp-json\/wp\/v2\/product_cat?post=8667"},{"taxonomy":"product_tag","embeddable":true,"href":"https:\/\/daiktaisuistorija.lt\/lt\/wp-json\/wp\/v2\/product_tag?post=8667"}],"curies":[{"name":"wp","href":"https:\/\/api.w.org\/{rel}","templated":true}]}}