{"id":8680,"date":"2023-10-24T15:04:34","date_gmt":"2023-10-24T15:04:34","guid":{"rendered":"https:\/\/daiktaisuistorija.lt\/?post_type=product&#038;p=8680"},"modified":"2023-11-09T22:12:07","modified_gmt":"2023-11-09T22:12:07","slug":"zalvarine-zvakide","status":"publish","type":"product","link":"https:\/\/daiktaisuistorija.lt\/lt\/produktas\/zalvarine-zvakide\/","title":{"rendered":"\u017dalvarin\u0117 \u017evakid\u0117"},"content":{"rendered":"<p>\u017dema \u017ealvarin\u0117 \u017evakid\u0117. <\/p>\n<p>I\u0161matavimai:<br \/>Skersmuo 6cm;<br \/>Auk\u0161tis 5cm;<br \/>Telpa 2,3cm skersmens \u017evak\u0117.<\/p>\n<p>B\u016bkl\u0117 &#8211; labai gera. Yra ne\u017eymi laiko patina.<\/p>","protected":false},"excerpt":{"rendered":"<p>\u017dema \u017ealvarin\u0117 \u017evakid\u0117. I\u0161matavimai:Skersmuo 6cm;Auk\u0161tis 5cm;Telpa 2,3cm skersmens \u017evak\u0117. B\u016bkl\u0117 &#8211; labai gera. Yra ne\u017eymi laiko patina.<\/p>","protected":false},"featured_media":7946,"template":"","meta":[],"product_cat":[70],"product_tag":[],"class_list":["post-8680","product","type-product","status-publish","has-post-thumbnail","hentry","product_cat-zvakides-ir-sviestuvai"],"_links":{"self":[{"href":"https:\/\/daiktaisuistorija.lt\/lt\/wp-json\/wp\/v2\/product\/8680","targetHints":{"allow":["GET"]}}],"collection":[{"href":"https:\/\/daiktaisuistorija.lt\/lt\/wp-json\/wp\/v2\/product"}],"about":[{"href":"https:\/\/daiktaisuistorija.lt\/lt\/wp-json\/wp\/v2\/types\/product"}],"wp:featuredmedia":[{"embeddable":true,"href":"https:\/\/daiktaisuistorija.lt\/lt\/wp-json\/wp\/v2\/media\/7946"}],"wp:attachment":[{"href":"https:\/\/daiktaisuistorija.lt\/lt\/wp-json\/wp\/v2\/media?parent=8680"}],"wp:term":[{"taxonomy":"product_cat","embeddable":true,"href":"https:\/\/daiktaisuistorija.lt\/lt\/wp-json\/wp\/v2\/product_cat?post=8680"},{"taxonomy":"product_tag","embeddable":true,"href":"https:\/\/daiktaisuistorija.lt\/lt\/wp-json\/wp\/v2\/product_tag?post=8680"}],"curies":[{"name":"wp","href":"https:\/\/api.w.org\/{rel}","templated":true}]}}