{"id":8930,"date":"2023-11-15T13:01:40","date_gmt":"2023-11-15T11:01:40","guid":{"rendered":"https:\/\/daiktaisuistorija.lt\/?post_type=product&#038;p=8930"},"modified":"2023-11-30T06:53:29","modified_gmt":"2023-11-30T04:53:29","slug":"apvali-servetele-2","status":"publish","type":"product","link":"https:\/\/daiktaisuistorija.lt\/lt\/produktas\/apvali-servetele-2\/","title":{"rendered":"Apvali servet\u0117l\u0117"},"content":{"rendered":"<p>Apvali servet\u0117l\u0117 &#8211; stalo dekoracija.<\/p>\n\n\n\n<p>I\u0161matavimai:<br>Skersmuo 24cm.<\/p>\n\n\n\n<p>B\u016bkl\u0117 &#8211; labai gera.<\/p>","protected":false},"excerpt":{"rendered":"<p>Apvali servet\u0117l\u0117 &#8211; stalo dekoracija. I\u0161matavimai:Skersmuo 24cm. B\u016bkl\u0117 &#8211; labai gera.<\/p>","protected":false},"featured_media":8931,"template":"","meta":[],"product_cat":[91,67,52],"product_tag":[],"class_list":["post-8930","product","type-product","status-publish","has-post-thumbnail","hentry","product_cat-naujos-prekes","product_cat-tekstile","product_cat-visi-daiktai"],"_links":{"self":[{"href":"https:\/\/daiktaisuistorija.lt\/lt\/wp-json\/wp\/v2\/product\/8930","targetHints":{"allow":["GET"]}}],"collection":[{"href":"https:\/\/daiktaisuistorija.lt\/lt\/wp-json\/wp\/v2\/product"}],"about":[{"href":"https:\/\/daiktaisuistorija.lt\/lt\/wp-json\/wp\/v2\/types\/product"}],"wp:featuredmedia":[{"embeddable":true,"href":"https:\/\/daiktaisuistorija.lt\/lt\/wp-json\/wp\/v2\/media\/8931"}],"wp:attachment":[{"href":"https:\/\/daiktaisuistorija.lt\/lt\/wp-json\/wp\/v2\/media?parent=8930"}],"wp:term":[{"taxonomy":"product_cat","embeddable":true,"href":"https:\/\/daiktaisuistorija.lt\/lt\/wp-json\/wp\/v2\/product_cat?post=8930"},{"taxonomy":"product_tag","embeddable":true,"href":"https:\/\/daiktaisuistorija.lt\/lt\/wp-json\/wp\/v2\/product_tag?post=8930"}],"curies":[{"name":"wp","href":"https:\/\/api.w.org\/{rel}","templated":true}]}}