{"id":8949,"date":"2023-11-15T14:04:11","date_gmt":"2023-11-15T12:04:11","guid":{"rendered":"https:\/\/daiktaisuistorija.lt\/?post_type=product&#038;p=8949"},"modified":"2023-11-15T14:04:12","modified_gmt":"2023-11-15T12:04:12","slug":"nerta-servetele-snaige","status":"publish","type":"product","link":"https:\/\/daiktaisuistorija.lt\/lt\/produktas\/nerta-servetele-snaige\/","title":{"rendered":"Nerta servet\u0117l\u0117 &#8220;Snaig\u0117&#8221;"},"content":{"rendered":"<p>Nedidel\u0117 nerta servet\u0117l\u0117 papuo\u0161 j\u016bs\u0173 rytin\u012f kavos g\u0117rimo ritual\u0105.<br>I\u0161matavimai:<\/p>\n\n\n\n<p>Skersmuo 14cm.<\/p>\n\n\n\n<p>B\u016bkl\u0117 &#8211; labai gera.<\/p>","protected":false},"excerpt":{"rendered":"<p>Nedidel\u0117 nerta servet\u0117l\u0117 papuo\u0161 j\u016bs\u0173 rytin\u012f kavos g\u0117rimo ritual\u0105.I\u0161matavimai: Skersmuo 14cm. B\u016bkl\u0117 &#8211; labai gera.<\/p>","protected":false},"featured_media":8957,"template":"","meta":[],"product_cat":[91,67,52],"product_tag":[],"class_list":["post-8949","product","type-product","status-publish","has-post-thumbnail","hentry","product_cat-naujos-prekes","product_cat-tekstile","product_cat-visi-daiktai"],"_links":{"self":[{"href":"https:\/\/daiktaisuistorija.lt\/lt\/wp-json\/wp\/v2\/product\/8949","targetHints":{"allow":["GET"]}}],"collection":[{"href":"https:\/\/daiktaisuistorija.lt\/lt\/wp-json\/wp\/v2\/product"}],"about":[{"href":"https:\/\/daiktaisuistorija.lt\/lt\/wp-json\/wp\/v2\/types\/product"}],"wp:featuredmedia":[{"embeddable":true,"href":"https:\/\/daiktaisuistorija.lt\/lt\/wp-json\/wp\/v2\/media\/8957"}],"wp:attachment":[{"href":"https:\/\/daiktaisuistorija.lt\/lt\/wp-json\/wp\/v2\/media?parent=8949"}],"wp:term":[{"taxonomy":"product_cat","embeddable":true,"href":"https:\/\/daiktaisuistorija.lt\/lt\/wp-json\/wp\/v2\/product_cat?post=8949"},{"taxonomy":"product_tag","embeddable":true,"href":"https:\/\/daiktaisuistorija.lt\/lt\/wp-json\/wp\/v2\/product_tag?post=8949"}],"curies":[{"name":"wp","href":"https:\/\/api.w.org\/{rel}","templated":true}]}}