{"id":8961,"date":"2023-11-15T14:41:29","date_gmt":"2023-11-15T12:41:29","guid":{"rendered":"https:\/\/daiktaisuistorija.lt\/?post_type=product&#038;p=8961"},"modified":"2023-11-15T14:41:32","modified_gmt":"2023-11-15T12:41:32","slug":"nertu-serveteliu-komplektas","status":"publish","type":"product","link":"https:\/\/daiktaisuistorija.lt\/lt\/produktas\/nertu-serveteliu-komplektas\/","title":{"rendered":"Nert\u0173 servet\u0117li\u0173 komplektas"},"content":{"rendered":"<p>Komplekt\u0105 sudaro 4 baltos servet\u0117l\u0117s.<\/p>\n\n\n\n<p>I\u0161matavimai:<br>Skersmuo &#8211; nuo 14.5 iki 15.5 cm<\/p>\n\n\n\n<p>B\u016bkl\u0117 &#8211; labai gera. Ant vienos servet\u0117l\u0117s yra minimalus su\u012frimas (\u017er. nuotraukas)<\/p>","protected":false},"excerpt":{"rendered":"<p>Komplekt\u0105 sudaro 4 baltos servet\u0117l\u0117s. I\u0161matavimai:Skersmuo &#8211; nuo 14.5 iki 15.5 cm B\u016bkl\u0117 &#8211; labai gera. Ant vienos servet\u0117l\u0117s yra minimalus su\u012frimas (\u017er. nuotraukas)<\/p>","protected":false},"featured_media":8962,"template":"","meta":[],"product_cat":[91,67,52],"product_tag":[],"class_list":["post-8961","product","type-product","status-publish","has-post-thumbnail","hentry","product_cat-naujos-prekes","product_cat-tekstile","product_cat-visi-daiktai"],"_links":{"self":[{"href":"https:\/\/daiktaisuistorija.lt\/lt\/wp-json\/wp\/v2\/product\/8961","targetHints":{"allow":["GET"]}}],"collection":[{"href":"https:\/\/daiktaisuistorija.lt\/lt\/wp-json\/wp\/v2\/product"}],"about":[{"href":"https:\/\/daiktaisuistorija.lt\/lt\/wp-json\/wp\/v2\/types\/product"}],"wp:featuredmedia":[{"embeddable":true,"href":"https:\/\/daiktaisuistorija.lt\/lt\/wp-json\/wp\/v2\/media\/8962"}],"wp:attachment":[{"href":"https:\/\/daiktaisuistorija.lt\/lt\/wp-json\/wp\/v2\/media?parent=8961"}],"wp:term":[{"taxonomy":"product_cat","embeddable":true,"href":"https:\/\/daiktaisuistorija.lt\/lt\/wp-json\/wp\/v2\/product_cat?post=8961"},{"taxonomy":"product_tag","embeddable":true,"href":"https:\/\/daiktaisuistorija.lt\/lt\/wp-json\/wp\/v2\/product_tag?post=8961"}],"curies":[{"name":"wp","href":"https:\/\/api.w.org\/{rel}","templated":true}]}}