{"id":8970,"date":"2023-11-15T15:00:59","date_gmt":"2023-11-15T13:00:59","guid":{"rendered":"https:\/\/daiktaisuistorija.lt\/?post_type=product&#038;p=8970"},"modified":"2025-08-24T13:52:26","modified_gmt":"2025-08-24T10:52:26","slug":"baltos-nertos-serveteles-ziedai","status":"publish","type":"product","link":"https:\/\/daiktaisuistorija.lt\/lt\/produktas\/baltos-nertos-serveteles-ziedai\/","title":{"rendered":"Baltos nertos servet\u0117l\u0117s &#8220;\u017diedai&#8221;"},"content":{"rendered":"<p>Sniego baltumo nertos serv\u0117t\u0117l\u0117s. <\/p>\n\n\n\n<p>I\u0161matavimai:<br>Skersmuo nuo 16.5 iki 19cm.<\/p>\n\n\n\n<p>B\u016bkl\u0117 &#8211; labai gera. <br>Svarbu. \u012e u\u017esakym\u0105 dedamos atsitiktine tvarka.<\/p>","protected":false},"excerpt":{"rendered":"<p>Sniego baltumo nertos serv\u0117t\u0117l\u0117s. I\u0161matavimai:Skersmuo nuo 16.5 iki 19cm. B\u016bkl\u0117 &#8211; labai gera. Svarbu. \u012e u\u017esakym\u0105 dedamos atsitiktine tvarka.<\/p>","protected":false},"featured_media":8971,"template":"","meta":[],"product_cat":[91,67,52],"product_tag":[],"class_list":["post-8970","product","type-product","status-publish","has-post-thumbnail","hentry","product_cat-naujos-prekes","product_cat-tekstile","product_cat-visi-daiktai"],"_links":{"self":[{"href":"https:\/\/daiktaisuistorija.lt\/lt\/wp-json\/wp\/v2\/product\/8970","targetHints":{"allow":["GET"]}}],"collection":[{"href":"https:\/\/daiktaisuistorija.lt\/lt\/wp-json\/wp\/v2\/product"}],"about":[{"href":"https:\/\/daiktaisuistorija.lt\/lt\/wp-json\/wp\/v2\/types\/product"}],"wp:featuredmedia":[{"embeddable":true,"href":"https:\/\/daiktaisuistorija.lt\/lt\/wp-json\/wp\/v2\/media\/8971"}],"wp:attachment":[{"href":"https:\/\/daiktaisuistorija.lt\/lt\/wp-json\/wp\/v2\/media?parent=8970"}],"wp:term":[{"taxonomy":"product_cat","embeddable":true,"href":"https:\/\/daiktaisuistorija.lt\/lt\/wp-json\/wp\/v2\/product_cat?post=8970"},{"taxonomy":"product_tag","embeddable":true,"href":"https:\/\/daiktaisuistorija.lt\/lt\/wp-json\/wp\/v2\/product_tag?post=8970"}],"curies":[{"name":"wp","href":"https:\/\/api.w.org\/{rel}","templated":true}]}}