{"id":8977,"date":"2023-11-15T15:13:28","date_gmt":"2023-11-15T13:13:28","guid":{"rendered":"https:\/\/daiktaisuistorija.lt\/?post_type=product&#038;p=8977"},"modified":"2025-11-06T14:50:30","modified_gmt":"2025-11-06T12:50:30","slug":"serveteliu-komplektas-su-spalvotais-krasteliais","status":"publish","type":"product","link":"https:\/\/daiktaisuistorija.lt\/lt\/produktas\/serveteliu-komplektas-su-spalvotais-krasteliais\/","title":{"rendered":"Servet\u0117li\u0173 komplektas su spalvotais kra\u0161teliais"},"content":{"rendered":"<p>Komplekt\u0105 sudaro 12 nert\u0173 servet\u0117li\u0173. Kra\u0161teli\u0173 spalvos: rausva (4vnt.), \u017ealsva (4vnt.) ir melsva (4vnt.+1 dovan\u0173).<\/p>\n\n\n\n<p>Skersmuo &#8211; 14.5cm<\/p>\n\n\n\n<p>B\u016bkl\u0117 &#8211; labai gera. Minimal\u016bs su\u012frimai poros servet\u0117li\u0173 kra\u0161teliuose.<\/p>","protected":false},"excerpt":{"rendered":"<p>Komplekt\u0105 sudaro 12 nert\u0173 servet\u0117li\u0173. Kra\u0161teli\u0173 spalvos: rausva (4vnt.), \u017ealsva (4vnt.) ir melsva (4vnt.+1 dovan\u0173). Skersmuo &#8211; 14.5cm B\u016bkl\u0117 &#8211; labai gera. Minimal\u016bs su\u012frimai poros servet\u0117li\u0173 kra\u0161teliuose.<\/p>","protected":false},"featured_media":8978,"template":"","meta":[],"product_cat":[84,67,52],"product_tag":[],"class_list":["post-8977","product","type-product","status-publish","has-post-thumbnail","hentry","product_cat-ispardavimas","product_cat-tekstile","product_cat-visi-daiktai"],"_links":{"self":[{"href":"https:\/\/daiktaisuistorija.lt\/lt\/wp-json\/wp\/v2\/product\/8977","targetHints":{"allow":["GET"]}}],"collection":[{"href":"https:\/\/daiktaisuistorija.lt\/lt\/wp-json\/wp\/v2\/product"}],"about":[{"href":"https:\/\/daiktaisuistorija.lt\/lt\/wp-json\/wp\/v2\/types\/product"}],"wp:featuredmedia":[{"embeddable":true,"href":"https:\/\/daiktaisuistorija.lt\/lt\/wp-json\/wp\/v2\/media\/8978"}],"wp:attachment":[{"href":"https:\/\/daiktaisuistorija.lt\/lt\/wp-json\/wp\/v2\/media?parent=8977"}],"wp:term":[{"taxonomy":"product_cat","embeddable":true,"href":"https:\/\/daiktaisuistorija.lt\/lt\/wp-json\/wp\/v2\/product_cat?post=8977"},{"taxonomy":"product_tag","embeddable":true,"href":"https:\/\/daiktaisuistorija.lt\/lt\/wp-json\/wp\/v2\/product_tag?post=8977"}],"curies":[{"name":"wp","href":"https:\/\/api.w.org\/{rel}","templated":true}]}}