{"id":8991,"date":"2023-11-15T22:00:12","date_gmt":"2023-11-15T20:00:12","guid":{"rendered":"https:\/\/daiktaisuistorija.lt\/?post_type=product&#038;p=8991"},"modified":"2024-01-30T11:02:52","modified_gmt":"2024-01-30T09:02:52","slug":"nertu-serveteliu-su-sirdelemis-komplektas","status":"publish","type":"product","link":"https:\/\/daiktaisuistorija.lt\/lt\/produktas\/nertu-serveteliu-su-sirdelemis-komplektas\/","title":{"rendered":"Nert\u0173 servet\u0117li\u0173 su \u0161irdel\u0117mis komplektas"},"content":{"rendered":"<p>Komplekt\u0105 sudaro 5 \u017eavios baltos servet\u0117l\u0117s.<\/p>\n\n\n\n<p>I\u0161matavimai:<br>Skersmuo &#8211; 12.5cm<\/p>\n\n\n\n<p>B\u016bkl\u0117 -labai gera.<\/p>","protected":false},"excerpt":{"rendered":"<p>Komplekt\u0105 sudaro 5 \u017eavios baltos servet\u0117l\u0117s. I\u0161matavimai:Skersmuo &#8211; 12.5cm B\u016bkl\u0117 -labai gera.<\/p>","protected":false},"featured_media":8998,"template":"","meta":[],"product_cat":[91,67,52],"product_tag":[],"class_list":["post-8991","product","type-product","status-publish","has-post-thumbnail","hentry","product_cat-naujos-prekes","product_cat-tekstile","product_cat-visi-daiktai"],"_links":{"self":[{"href":"https:\/\/daiktaisuistorija.lt\/lt\/wp-json\/wp\/v2\/product\/8991","targetHints":{"allow":["GET"]}}],"collection":[{"href":"https:\/\/daiktaisuistorija.lt\/lt\/wp-json\/wp\/v2\/product"}],"about":[{"href":"https:\/\/daiktaisuistorija.lt\/lt\/wp-json\/wp\/v2\/types\/product"}],"wp:featuredmedia":[{"embeddable":true,"href":"https:\/\/daiktaisuistorija.lt\/lt\/wp-json\/wp\/v2\/media\/8998"}],"wp:attachment":[{"href":"https:\/\/daiktaisuistorija.lt\/lt\/wp-json\/wp\/v2\/media?parent=8991"}],"wp:term":[{"taxonomy":"product_cat","embeddable":true,"href":"https:\/\/daiktaisuistorija.lt\/lt\/wp-json\/wp\/v2\/product_cat?post=8991"},{"taxonomy":"product_tag","embeddable":true,"href":"https:\/\/daiktaisuistorija.lt\/lt\/wp-json\/wp\/v2\/product_tag?post=8991"}],"curies":[{"name":"wp","href":"https:\/\/api.w.org\/{rel}","templated":true}]}}