{"id":9000,"date":"2023-11-15T22:14:17","date_gmt":"2023-11-15T20:14:17","guid":{"rendered":"https:\/\/daiktaisuistorija.lt\/?post_type=product&#038;p=9000"},"modified":"2023-11-15T22:14:19","modified_gmt":"2023-11-15T20:14:19","slug":"zavios-nertos-serveteles","status":"publish","type":"product","link":"https:\/\/daiktaisuistorija.lt\/lt\/produktas\/zavios-nertos-serveteles\/","title":{"rendered":"\u017davios nertos servet\u0117l\u0117s"},"content":{"rendered":"<p>I\u0161matavimai: apie 14x14cm.<\/p>\n\n\n\n<p>B\u016bkl\u0117 &#8211; labai gera.<\/p>","protected":false},"excerpt":{"rendered":"<p>I\u0161matavimai: apie 14x14cm. B\u016bkl\u0117 &#8211; labai gera.<\/p>","protected":false},"featured_media":9002,"template":"","meta":[],"product_cat":[91,67,52],"product_tag":[],"class_list":["post-9000","product","type-product","status-publish","has-post-thumbnail","hentry","product_cat-naujos-prekes","product_cat-tekstile","product_cat-visi-daiktai"],"_links":{"self":[{"href":"https:\/\/daiktaisuistorija.lt\/lt\/wp-json\/wp\/v2\/product\/9000","targetHints":{"allow":["GET"]}}],"collection":[{"href":"https:\/\/daiktaisuistorija.lt\/lt\/wp-json\/wp\/v2\/product"}],"about":[{"href":"https:\/\/daiktaisuistorija.lt\/lt\/wp-json\/wp\/v2\/types\/product"}],"wp:featuredmedia":[{"embeddable":true,"href":"https:\/\/daiktaisuistorija.lt\/lt\/wp-json\/wp\/v2\/media\/9002"}],"wp:attachment":[{"href":"https:\/\/daiktaisuistorija.lt\/lt\/wp-json\/wp\/v2\/media?parent=9000"}],"wp:term":[{"taxonomy":"product_cat","embeddable":true,"href":"https:\/\/daiktaisuistorija.lt\/lt\/wp-json\/wp\/v2\/product_cat?post=9000"},{"taxonomy":"product_tag","embeddable":true,"href":"https:\/\/daiktaisuistorija.lt\/lt\/wp-json\/wp\/v2\/product_tag?post=9000"}],"curies":[{"name":"wp","href":"https:\/\/api.w.org\/{rel}","templated":true}]}}