{"id":9001,"date":"2023-11-15T22:25:11","date_gmt":"2023-11-15T20:25:11","guid":{"rendered":"https:\/\/daiktaisuistorija.lt\/?post_type=product&#038;p=9001"},"modified":"2025-08-24T13:54:37","modified_gmt":"2025-08-24T10:54:37","slug":"nuostabus-nertu-serveteliu-ir-takelio-komplektas","status":"publish","type":"product","link":"https:\/\/daiktaisuistorija.lt\/lt\/produktas\/nuostabus-nertu-serveteliu-ir-takelio-komplektas\/","title":{"rendered":"Nuostabus nert\u0173 servet\u0117li\u0173 ir takelio komplektas"},"content":{"rendered":"<p>Komplekt\u0105 sudaro 1 takelis ir 4 servet\u0117l\u0117s. Spalva &#8211; nepriekai\u0161tinga balta.<\/p>\n\n\n\n<p>I\u0161matavimai:<br>Takelis &#8211; 19x62cm.<br>Servet\u0117l\u0117 &#8211; 19x19cm.<\/p>\n\n\n\n<p>B\u016bkl\u0117 &#8211; labai gera.<\/p>","protected":false},"excerpt":{"rendered":"<p>Komplekt\u0105 sudaro 1 takelis ir 4 servet\u0117l\u0117s. Spalva &#8211; nepriekai\u0161tinga balta. I\u0161matavimai:Takelis &#8211; 19x62cm.Servet\u0117l\u0117 &#8211; 19x19cm. B\u016bkl\u0117 &#8211; labai gera.<\/p>","protected":false},"featured_media":9016,"template":"","meta":[],"product_cat":[91,67,52],"product_tag":[],"class_list":["post-9001","product","type-product","status-publish","has-post-thumbnail","hentry","product_cat-naujos-prekes","product_cat-tekstile","product_cat-visi-daiktai"],"_links":{"self":[{"href":"https:\/\/daiktaisuistorija.lt\/lt\/wp-json\/wp\/v2\/product\/9001","targetHints":{"allow":["GET"]}}],"collection":[{"href":"https:\/\/daiktaisuistorija.lt\/lt\/wp-json\/wp\/v2\/product"}],"about":[{"href":"https:\/\/daiktaisuistorija.lt\/lt\/wp-json\/wp\/v2\/types\/product"}],"wp:featuredmedia":[{"embeddable":true,"href":"https:\/\/daiktaisuistorija.lt\/lt\/wp-json\/wp\/v2\/media\/9016"}],"wp:attachment":[{"href":"https:\/\/daiktaisuistorija.lt\/lt\/wp-json\/wp\/v2\/media?parent=9001"}],"wp:term":[{"taxonomy":"product_cat","embeddable":true,"href":"https:\/\/daiktaisuistorija.lt\/lt\/wp-json\/wp\/v2\/product_cat?post=9001"},{"taxonomy":"product_tag","embeddable":true,"href":"https:\/\/daiktaisuistorija.lt\/lt\/wp-json\/wp\/v2\/product_tag?post=9001"}],"curies":[{"name":"wp","href":"https:\/\/api.w.org\/{rel}","templated":true}]}}