{"id":9018,"date":"2023-11-15T22:31:51","date_gmt":"2023-11-15T20:31:51","guid":{"rendered":"https:\/\/daiktaisuistorija.lt\/?post_type=product&#038;p=9018"},"modified":"2024-01-30T11:02:53","modified_gmt":"2024-01-30T09:02:53","slug":"servetele-su-nertais-krastais","status":"publish","type":"product","link":"https:\/\/daiktaisuistorija.lt\/lt\/produktas\/servetele-su-nertais-krastais\/","title":{"rendered":"Servet\u0117l\u0117 su nertais kra\u0161tais"},"content":{"rendered":"<p>\u012esp\u016bdingo gro\u017eio servet\u0117l\u0117l.<br>I\u0161matavimai &#8211; 26x27cm<br>B\u016bkl\u0117 &#8211; labai gera. Turi vienoje vietoje (vieno centimetro) \u012fply\u0161im\u0105 (\u017er. nuotraukas).<\/p>","protected":false},"excerpt":{"rendered":"<p>\u012esp\u016bdingo gro\u017eio servet\u0117l\u0117l.I\u0161matavimai &#8211; 26x27cmB\u016bkl\u0117 &#8211; labai gera. Turi vienoje vietoje (vieno centimetro) \u012fply\u0161im\u0105 (\u017er. nuotraukas).<\/p>","protected":false},"featured_media":9019,"template":"","meta":[],"product_cat":[91,67,52],"product_tag":[],"class_list":["post-9018","product","type-product","status-publish","has-post-thumbnail","hentry","product_cat-naujos-prekes","product_cat-tekstile","product_cat-visi-daiktai"],"_links":{"self":[{"href":"https:\/\/daiktaisuistorija.lt\/lt\/wp-json\/wp\/v2\/product\/9018","targetHints":{"allow":["GET"]}}],"collection":[{"href":"https:\/\/daiktaisuistorija.lt\/lt\/wp-json\/wp\/v2\/product"}],"about":[{"href":"https:\/\/daiktaisuistorija.lt\/lt\/wp-json\/wp\/v2\/types\/product"}],"wp:featuredmedia":[{"embeddable":true,"href":"https:\/\/daiktaisuistorija.lt\/lt\/wp-json\/wp\/v2\/media\/9019"}],"wp:attachment":[{"href":"https:\/\/daiktaisuistorija.lt\/lt\/wp-json\/wp\/v2\/media?parent=9018"}],"wp:term":[{"taxonomy":"product_cat","embeddable":true,"href":"https:\/\/daiktaisuistorija.lt\/lt\/wp-json\/wp\/v2\/product_cat?post=9018"},{"taxonomy":"product_tag","embeddable":true,"href":"https:\/\/daiktaisuistorija.lt\/lt\/wp-json\/wp\/v2\/product_tag?post=9018"}],"curies":[{"name":"wp","href":"https:\/\/api.w.org\/{rel}","templated":true}]}}