{"id":9022,"date":"2023-11-15T22:44:49","date_gmt":"2023-11-15T20:44:49","guid":{"rendered":"https:\/\/daiktaisuistorija.lt\/?post_type=product&#038;p=9022"},"modified":"2024-09-22T20:43:00","modified_gmt":"2024-09-22T17:43:00","slug":"ivairiu-dydziu-serveteliu-komplektas","status":"publish","type":"product","link":"https:\/\/daiktaisuistorija.lt\/lt\/produktas\/ivairiu-dydziu-serveteliu-komplektas\/","title":{"rendered":"\u012evairi\u0173 dyd\u017ei\u0173 servet\u0117li\u0173 komplektas"},"content":{"rendered":"<p>Komplekt\u0105 sudaro 5 baltos servet\u0117l\u0117s.<br>I\u0161matavimai (nuo ma\u017eiausios):<br>9.5&#215;9.5cm<br>14.5&#215;14.5cm<br>16x16cm<br>17x17cm<br>22x22cm<br>B\u016bkl\u0117 &#8211; labai gera. Ant did\u017eiausios servet\u0117l\u0117s yra ne\u017eym\u016bs \u012fply\u0161ymai kra\u0161tuose (\u017er. nuotraukas).<\/p>","protected":false},"excerpt":{"rendered":"<p>Komplekt\u0105 sudaro 5 baltos servet\u0117l\u0117s.I\u0161matavimai (nuo ma\u017eiausios):9.5&#215;9.5cm14.5&#215;14.5cm16x16cm17x17cm22x22cmB\u016bkl\u0117 &#8211; labai gera. Ant did\u017eiausios servet\u0117l\u0117s yra ne\u017eym\u016bs \u012fply\u0161ymai kra\u0161tuose (\u017er. nuotraukas).<\/p>","protected":false},"featured_media":9023,"template":"","meta":[],"product_cat":[84,91,67,52],"product_tag":[],"class_list":["post-9022","product","type-product","status-publish","has-post-thumbnail","hentry","product_cat-ispardavimas","product_cat-naujos-prekes","product_cat-tekstile","product_cat-visi-daiktai"],"_links":{"self":[{"href":"https:\/\/daiktaisuistorija.lt\/lt\/wp-json\/wp\/v2\/product\/9022","targetHints":{"allow":["GET"]}}],"collection":[{"href":"https:\/\/daiktaisuistorija.lt\/lt\/wp-json\/wp\/v2\/product"}],"about":[{"href":"https:\/\/daiktaisuistorija.lt\/lt\/wp-json\/wp\/v2\/types\/product"}],"wp:featuredmedia":[{"embeddable":true,"href":"https:\/\/daiktaisuistorija.lt\/lt\/wp-json\/wp\/v2\/media\/9023"}],"wp:attachment":[{"href":"https:\/\/daiktaisuistorija.lt\/lt\/wp-json\/wp\/v2\/media?parent=9022"}],"wp:term":[{"taxonomy":"product_cat","embeddable":true,"href":"https:\/\/daiktaisuistorija.lt\/lt\/wp-json\/wp\/v2\/product_cat?post=9022"},{"taxonomy":"product_tag","embeddable":true,"href":"https:\/\/daiktaisuistorija.lt\/lt\/wp-json\/wp\/v2\/product_tag?post=9022"}],"curies":[{"name":"wp","href":"https:\/\/api.w.org\/{rel}","templated":true}]}}