{"id":9028,"date":"2023-11-15T22:49:29","date_gmt":"2023-11-15T20:49:29","guid":{"rendered":"https:\/\/daiktaisuistorija.lt\/?post_type=product&#038;p=9028"},"modified":"2024-01-30T11:02:53","modified_gmt":"2024-01-30T09:02:53","slug":"nerta-kvadratine-servetele","status":"publish","type":"product","link":"https:\/\/daiktaisuistorija.lt\/lt\/produktas\/nerta-kvadratine-servetele\/","title":{"rendered":"Nerta kvadratin\u0117 servet\u0117l\u0117"},"content":{"rendered":"<p>I\u0161matavimai &#8211; 24x24cm<\/p>\n\n\n\n<p>B\u016bkl\u0117 &#8211; labai gera.<\/p>","protected":false},"excerpt":{"rendered":"<p>I\u0161matavimai &#8211; 24x24cm B\u016bkl\u0117 &#8211; labai gera.<\/p>","protected":false},"featured_media":9030,"template":"","meta":[],"product_cat":[91,67,52],"product_tag":[],"class_list":["post-9028","product","type-product","status-publish","has-post-thumbnail","hentry","product_cat-naujos-prekes","product_cat-tekstile","product_cat-visi-daiktai"],"_links":{"self":[{"href":"https:\/\/daiktaisuistorija.lt\/lt\/wp-json\/wp\/v2\/product\/9028","targetHints":{"allow":["GET"]}}],"collection":[{"href":"https:\/\/daiktaisuistorija.lt\/lt\/wp-json\/wp\/v2\/product"}],"about":[{"href":"https:\/\/daiktaisuistorija.lt\/lt\/wp-json\/wp\/v2\/types\/product"}],"wp:featuredmedia":[{"embeddable":true,"href":"https:\/\/daiktaisuistorija.lt\/lt\/wp-json\/wp\/v2\/media\/9030"}],"wp:attachment":[{"href":"https:\/\/daiktaisuistorija.lt\/lt\/wp-json\/wp\/v2\/media?parent=9028"}],"wp:term":[{"taxonomy":"product_cat","embeddable":true,"href":"https:\/\/daiktaisuistorija.lt\/lt\/wp-json\/wp\/v2\/product_cat?post=9028"},{"taxonomy":"product_tag","embeddable":true,"href":"https:\/\/daiktaisuistorija.lt\/lt\/wp-json\/wp\/v2\/product_tag?post=9028"}],"curies":[{"name":"wp","href":"https:\/\/api.w.org\/{rel}","templated":true}]}}