{"id":9032,"date":"2023-11-15T22:55:54","date_gmt":"2023-11-15T20:55:54","guid":{"rendered":"https:\/\/daiktaisuistorija.lt\/?post_type=product&#038;p=9032"},"modified":"2024-06-09T09:31:38","modified_gmt":"2024-06-09T06:31:38","slug":"melynu-geliu-staltiese","status":"publish","type":"product","link":"https:\/\/daiktaisuistorija.lt\/lt\/produktas\/melynu-geliu-staltiese\/","title":{"rendered":"M\u0117lyn\u0173 g\u0117li\u0173 stalties\u0117"},"content":{"rendered":"<p>Kvadrato formos. <br>I\u0161matavimai &#8211; 87x87cm.<br>Med\u017eiaga &#8211; poliesteris.<\/p>\n\n\n\n<p>B\u016bkl\u0117 &#8211; labai gera.<\/p>","protected":false},"excerpt":{"rendered":"<p>Kvadrato formos. I\u0161matavimai &#8211; 87x87cm.Med\u017eiaga &#8211; poliesteris. B\u016bkl\u0117 &#8211; labai gera.<\/p>","protected":false},"featured_media":9035,"template":"","meta":[],"product_cat":[91,67,52],"product_tag":[],"class_list":["post-9032","product","type-product","status-publish","has-post-thumbnail","hentry","product_cat-naujos-prekes","product_cat-tekstile","product_cat-visi-daiktai"],"_links":{"self":[{"href":"https:\/\/daiktaisuistorija.lt\/lt\/wp-json\/wp\/v2\/product\/9032","targetHints":{"allow":["GET"]}}],"collection":[{"href":"https:\/\/daiktaisuistorija.lt\/lt\/wp-json\/wp\/v2\/product"}],"about":[{"href":"https:\/\/daiktaisuistorija.lt\/lt\/wp-json\/wp\/v2\/types\/product"}],"wp:featuredmedia":[{"embeddable":true,"href":"https:\/\/daiktaisuistorija.lt\/lt\/wp-json\/wp\/v2\/media\/9035"}],"wp:attachment":[{"href":"https:\/\/daiktaisuistorija.lt\/lt\/wp-json\/wp\/v2\/media?parent=9032"}],"wp:term":[{"taxonomy":"product_cat","embeddable":true,"href":"https:\/\/daiktaisuistorija.lt\/lt\/wp-json\/wp\/v2\/product_cat?post=9032"},{"taxonomy":"product_tag","embeddable":true,"href":"https:\/\/daiktaisuistorija.lt\/lt\/wp-json\/wp\/v2\/product_tag?post=9032"}],"curies":[{"name":"wp","href":"https:\/\/api.w.org\/{rel}","templated":true}]}}