{"id":9039,"date":"2023-11-15T23:02:26","date_gmt":"2023-11-15T21:02:26","guid":{"rendered":"https:\/\/daiktaisuistorija.lt\/?post_type=product&#038;p=9039"},"modified":"2023-11-15T23:02:28","modified_gmt":"2023-11-15T21:02:28","slug":"svelniai-melsva-staltiese","status":"publish","type":"product","link":"https:\/\/daiktaisuistorija.lt\/lt\/produktas\/svelniai-melsva-staltiese\/","title":{"rendered":"\u0160velniai melsva stalties\u0117"},"content":{"rendered":"<p>Kvadrato formos.<\/p>\n\n\n\n<p>I\u0161matavimai &#8211; 86x86cm.<br>Med\u017eiaga &#8211; poliesteris.<\/p>\n\n\n\n<p>B\u016bkl\u0117 &#8211; labai gera. Labiausiai atsispindi reali spalva paskutin\u0117je nuotraukoje.<\/p>","protected":false},"excerpt":{"rendered":"<p>Kvadrato formos. I\u0161matavimai &#8211; 86x86cm.Med\u017eiaga &#8211; poliesteris. B\u016bkl\u0117 &#8211; labai gera. Labiausiai atsispindi reali spalva paskutin\u0117je nuotraukoje.<\/p>","protected":false},"featured_media":9041,"template":"","meta":[],"product_cat":[91,67,52],"product_tag":[],"class_list":["post-9039","product","type-product","status-publish","has-post-thumbnail","hentry","product_cat-naujos-prekes","product_cat-tekstile","product_cat-visi-daiktai"],"_links":{"self":[{"href":"https:\/\/daiktaisuistorija.lt\/lt\/wp-json\/wp\/v2\/product\/9039","targetHints":{"allow":["GET"]}}],"collection":[{"href":"https:\/\/daiktaisuistorija.lt\/lt\/wp-json\/wp\/v2\/product"}],"about":[{"href":"https:\/\/daiktaisuistorija.lt\/lt\/wp-json\/wp\/v2\/types\/product"}],"wp:featuredmedia":[{"embeddable":true,"href":"https:\/\/daiktaisuistorija.lt\/lt\/wp-json\/wp\/v2\/media\/9041"}],"wp:attachment":[{"href":"https:\/\/daiktaisuistorija.lt\/lt\/wp-json\/wp\/v2\/media?parent=9039"}],"wp:term":[{"taxonomy":"product_cat","embeddable":true,"href":"https:\/\/daiktaisuistorija.lt\/lt\/wp-json\/wp\/v2\/product_cat?post=9039"},{"taxonomy":"product_tag","embeddable":true,"href":"https:\/\/daiktaisuistorija.lt\/lt\/wp-json\/wp\/v2\/product_tag?post=9039"}],"curies":[{"name":"wp","href":"https:\/\/api.w.org\/{rel}","templated":true}]}}