{"id":9043,"date":"2023-11-15T23:12:11","date_gmt":"2023-11-15T21:12:11","guid":{"rendered":"https:\/\/daiktaisuistorija.lt\/?post_type=product&#038;p=9043"},"modified":"2024-01-24T12:48:07","modified_gmt":"2024-01-24T10:48:07","slug":"baltai-melynas-audinys","status":"publish","type":"product","link":"https:\/\/daiktaisuistorija.lt\/lt\/produktas\/baltai-melynas-audinys\/","title":{"rendered":"M\u0117lynai baltas audinys"},"content":{"rendered":"<p>I\u0161 vinta\u017einio audinio galite pasisi\u016bti pagalv\u0117li\u0173 u\u017evalkalus arba gali jums tarnauti kaip stalties\u0117.<br><br>Audinio i\u0161matavimai &#8211; 106x112cm.<br>Med\u017eiaga &#8211; medviln\u0117.<\/p>\n\n\n\n<p>Bukl\u0117 &#8211; labai gera.<\/p>","protected":false},"excerpt":{"rendered":"<p>I\u0161 vinta\u017einio audinio galite pasisi\u016bti pagalv\u0117li\u0173 u\u017evalkalus arba gali jums tarnauti kaip stalties\u0117. Audinio i\u0161matavimai &#8211; 106x112cm.Med\u017eiaga &#8211; medviln\u0117. Bukl\u0117 &#8211; labai gera.<\/p>","protected":false},"featured_media":9045,"template":"","meta":[],"product_cat":[91,67,52],"product_tag":[],"class_list":["post-9043","product","type-product","status-publish","has-post-thumbnail","hentry","product_cat-naujos-prekes","product_cat-tekstile","product_cat-visi-daiktai"],"_links":{"self":[{"href":"https:\/\/daiktaisuistorija.lt\/lt\/wp-json\/wp\/v2\/product\/9043","targetHints":{"allow":["GET"]}}],"collection":[{"href":"https:\/\/daiktaisuistorija.lt\/lt\/wp-json\/wp\/v2\/product"}],"about":[{"href":"https:\/\/daiktaisuistorija.lt\/lt\/wp-json\/wp\/v2\/types\/product"}],"wp:featuredmedia":[{"embeddable":true,"href":"https:\/\/daiktaisuistorija.lt\/lt\/wp-json\/wp\/v2\/media\/9045"}],"wp:attachment":[{"href":"https:\/\/daiktaisuistorija.lt\/lt\/wp-json\/wp\/v2\/media?parent=9043"}],"wp:term":[{"taxonomy":"product_cat","embeddable":true,"href":"https:\/\/daiktaisuistorija.lt\/lt\/wp-json\/wp\/v2\/product_cat?post=9043"},{"taxonomy":"product_tag","embeddable":true,"href":"https:\/\/daiktaisuistorija.lt\/lt\/wp-json\/wp\/v2\/product_tag?post=9043"}],"curies":[{"name":"wp","href":"https:\/\/api.w.org\/{rel}","templated":true}]}}