{"id":9048,"date":"2023-11-21T22:21:09","date_gmt":"2023-11-21T20:21:09","guid":{"rendered":"https:\/\/daiktaisuistorija.lt\/?post_type=product&#038;p=9048"},"modified":"2023-11-21T22:21:11","modified_gmt":"2023-11-21T20:21:11","slug":"pailga-dekoratyvine-pagalvele","status":"publish","type":"product","link":"https:\/\/daiktaisuistorija.lt\/lt\/produktas\/pailga-dekoratyvine-pagalvele\/","title":{"rendered":"Pailga dekoratyvin\u0117 pagalv\u0117l\u0117"},"content":{"rendered":"<p>Tegu m\u016bs\u0173 \u0161irdyse nuolat \u017eydi nuostabios pavasario g\u0117l\u0117s \ud83c\udf38<br>I\u0161matavimai ~55\u00d728cm<br>Med\u017eiaga &#8211; medviln\u0117. Viduje p\u016bkai.<br>Nugar\u0117l\u0117 turi suglam\u017eytos med\u017eiagos efekt\u0105.<br>B\u016bkl\u0117 &#8211; labai gera. Kampukus, \u017einoma, galima prisi\u016bti dar stipriau, kad dar tarnaut\u0173 ilgai ilgai&#8230; \ud83e\uddda<br>U\u017evalkalas i\u0161skalbtas,parduodamas kartu su pagalv\u0117le<\/p>","protected":false},"excerpt":{"rendered":"<p>Tegu m\u016bs\u0173 \u0161irdyse nuolat \u017eydi nuostabios pavasario g\u0117l\u0117s \ud83c\udf38I\u0161matavimai ~55\u00d728cmMed\u017eiaga &#8211; medviln\u0117. Viduje p\u016bkai.Nugar\u0117l\u0117 turi suglam\u017eytos med\u017eiagos efekt\u0105.B\u016bkl\u0117 &#8211; labai gera. Kampukus, \u017einoma, galima prisi\u016bti dar stipriau, kad dar tarnaut\u0173 ilgai ilgai&#8230; \ud83e\udddaU\u017evalkalas i\u0161skalbtas,parduodamas kartu su pagalv\u0117le<\/p>","protected":false},"featured_media":9052,"template":"","meta":[],"product_cat":[91,67,52],"product_tag":[],"class_list":["post-9048","product","type-product","status-publish","has-post-thumbnail","hentry","product_cat-naujos-prekes","product_cat-tekstile","product_cat-visi-daiktai"],"_links":{"self":[{"href":"https:\/\/daiktaisuistorija.lt\/lt\/wp-json\/wp\/v2\/product\/9048","targetHints":{"allow":["GET"]}}],"collection":[{"href":"https:\/\/daiktaisuistorija.lt\/lt\/wp-json\/wp\/v2\/product"}],"about":[{"href":"https:\/\/daiktaisuistorija.lt\/lt\/wp-json\/wp\/v2\/types\/product"}],"wp:featuredmedia":[{"embeddable":true,"href":"https:\/\/daiktaisuistorija.lt\/lt\/wp-json\/wp\/v2\/media\/9052"}],"wp:attachment":[{"href":"https:\/\/daiktaisuistorija.lt\/lt\/wp-json\/wp\/v2\/media?parent=9048"}],"wp:term":[{"taxonomy":"product_cat","embeddable":true,"href":"https:\/\/daiktaisuistorija.lt\/lt\/wp-json\/wp\/v2\/product_cat?post=9048"},{"taxonomy":"product_tag","embeddable":true,"href":"https:\/\/daiktaisuistorija.lt\/lt\/wp-json\/wp\/v2\/product_tag?post=9048"}],"curies":[{"name":"wp","href":"https:\/\/api.w.org\/{rel}","templated":true}]}}