{"id":9054,"date":"2023-11-21T22:28:07","date_gmt":"2023-11-21T20:28:07","guid":{"rendered":"https:\/\/daiktaisuistorija.lt\/?post_type=product&#038;p=9054"},"modified":"2023-11-23T12:22:03","modified_gmt":"2023-11-23T10:22:03","slug":"vintazine-dekoratyvine-pagalvele","status":"publish","type":"product","link":"https:\/\/daiktaisuistorija.lt\/lt\/produktas\/vintazine-dekoratyvine-pagalvele\/","title":{"rendered":"Vinta\u017ein\u0117 dekoratyvin\u0117 pagalv\u0117l\u0117"},"content":{"rendered":"<p><br>I\u0161si\u016bvin\u0117ta kry\u017eeliu.<br>I\u0161matavimai ~36\u00d730cm<br>Med\u017eiaga &#8211; viduje p\u016bkas, u\u017evalkas medvilninis. U\u017etrauktuko n\u0117ra.<br>B\u016bkl\u0117 &#8211; labai gera<\/p>","protected":false},"excerpt":{"rendered":"<p>I\u0161si\u016bvin\u0117ta kry\u017eeliu.I\u0161matavimai ~36\u00d730cmMed\u017eiaga &#8211; viduje p\u016bkas, u\u017evalkas medvilninis. U\u017etrauktuko n\u0117ra.B\u016bkl\u0117 &#8211; labai gera<\/p>","protected":false},"featured_media":9057,"template":"","meta":[],"product_cat":[91,67,52],"product_tag":[],"class_list":["post-9054","product","type-product","status-publish","has-post-thumbnail","hentry","product_cat-naujos-prekes","product_cat-tekstile","product_cat-visi-daiktai"],"_links":{"self":[{"href":"https:\/\/daiktaisuistorija.lt\/lt\/wp-json\/wp\/v2\/product\/9054","targetHints":{"allow":["GET"]}}],"collection":[{"href":"https:\/\/daiktaisuistorija.lt\/lt\/wp-json\/wp\/v2\/product"}],"about":[{"href":"https:\/\/daiktaisuistorija.lt\/lt\/wp-json\/wp\/v2\/types\/product"}],"wp:featuredmedia":[{"embeddable":true,"href":"https:\/\/daiktaisuistorija.lt\/lt\/wp-json\/wp\/v2\/media\/9057"}],"wp:attachment":[{"href":"https:\/\/daiktaisuistorija.lt\/lt\/wp-json\/wp\/v2\/media?parent=9054"}],"wp:term":[{"taxonomy":"product_cat","embeddable":true,"href":"https:\/\/daiktaisuistorija.lt\/lt\/wp-json\/wp\/v2\/product_cat?post=9054"},{"taxonomy":"product_tag","embeddable":true,"href":"https:\/\/daiktaisuistorija.lt\/lt\/wp-json\/wp\/v2\/product_tag?post=9054"}],"curies":[{"name":"wp","href":"https:\/\/api.w.org\/{rel}","templated":true}]}}