{"id":9059,"date":"2023-11-21T22:33:18","date_gmt":"2023-11-21T20:33:18","guid":{"rendered":"https:\/\/daiktaisuistorija.lt\/?post_type=product&#038;p=9059"},"modified":"2023-11-22T02:02:57","modified_gmt":"2023-11-22T00:02:57","slug":"9059","status":"publish","type":"product","link":"https:\/\/daiktaisuistorija.lt\/lt\/produktas\/9059\/","title":{"rendered":"\u012esp\u016bdingo gro\u017eio dekoratyvin\u0117 pagalv\u0117l\u0117"},"content":{"rendered":"<p><span style=\"font-family: -apple-system, BlinkMacSystemFont, &quot;Segoe UI&quot;, Roboto, Helvetica, Arial, sans-serif; font-size: 14px; white-space-collapse: collapse;\">100% jaukumo \u012fsik\u016bnijimas \u2728<\/span><br><span style=\"font-family: -apple-system, BlinkMacSystemFont, &quot;Segoe UI&quot;, Roboto, Helvetica, Arial, sans-serif; font-size: 14px; white-space-collapse: collapse;\">Moteris, kuri savo laiku si\u016bvin\u0117jo, matyt atidav\u0117 vis\u0105 save ir savo meil\u0119 \u0161iai pagalv\u0117lei \u2764\ufe0fTaip parinktos spalvos ir ornamentai&#8230; \ud83d\udca3I\u0161matavimai &#8211; ~32\u00d732cm<\/span><br><span style=\"font-family: -apple-system, BlinkMacSystemFont, &quot;Segoe UI&quot;, Roboto, Helvetica, Arial, sans-serif; font-size: 14px; white-space-collapse: collapse;\">B\u016bkl\u0117 &#8211; puiki. \ud83d\udc4c<\/span><\/p>","protected":false},"excerpt":{"rendered":"<p>100% jaukumo \u012fsik\u016bnijimas \u2728Moteris, kuri savo laiku si\u016bvin\u0117jo, matyt atidav\u0117 vis\u0105 save ir savo meil\u0119 \u0161iai pagalv\u0117lei \u2764\ufe0fTaip parinktos spalvos ir ornamentai&#8230; \ud83d\udca3I\u0161matavimai &#8211; ~32\u00d732cmB\u016bkl\u0117 &#8211; puiki. \ud83d\udc4c<\/p>","protected":false},"featured_media":9064,"template":"","meta":[],"product_cat":[91,67,52],"product_tag":[],"class_list":["post-9059","product","type-product","status-publish","has-post-thumbnail","hentry","product_cat-naujos-prekes","product_cat-tekstile","product_cat-visi-daiktai"],"_links":{"self":[{"href":"https:\/\/daiktaisuistorija.lt\/lt\/wp-json\/wp\/v2\/product\/9059","targetHints":{"allow":["GET"]}}],"collection":[{"href":"https:\/\/daiktaisuistorija.lt\/lt\/wp-json\/wp\/v2\/product"}],"about":[{"href":"https:\/\/daiktaisuistorija.lt\/lt\/wp-json\/wp\/v2\/types\/product"}],"wp:featuredmedia":[{"embeddable":true,"href":"https:\/\/daiktaisuistorija.lt\/lt\/wp-json\/wp\/v2\/media\/9064"}],"wp:attachment":[{"href":"https:\/\/daiktaisuistorija.lt\/lt\/wp-json\/wp\/v2\/media?parent=9059"}],"wp:term":[{"taxonomy":"product_cat","embeddable":true,"href":"https:\/\/daiktaisuistorija.lt\/lt\/wp-json\/wp\/v2\/product_cat?post=9059"},{"taxonomy":"product_tag","embeddable":true,"href":"https:\/\/daiktaisuistorija.lt\/lt\/wp-json\/wp\/v2\/product_tag?post=9059"}],"curies":[{"name":"wp","href":"https:\/\/api.w.org\/{rel}","templated":true}]}}