{"id":9065,"date":"2023-11-21T23:08:30","date_gmt":"2023-11-21T21:08:30","guid":{"rendered":"https:\/\/daiktaisuistorija.lt\/?post_type=product&#038;p=9065"},"modified":"2023-11-21T23:38:59","modified_gmt":"2023-11-21T21:38:59","slug":"vintazine-medvilnine-balta-staltiese","status":"publish","type":"product","link":"https:\/\/daiktaisuistorija.lt\/lt\/produktas\/vintazine-medvilnine-balta-staltiese\/","title":{"rendered":"Vinta\u017ein\u0117 medvilnin\u0117 balta stalties\u0117"},"content":{"rendered":"<p>Ant stalties\u0117s atvaziduotos g\u0117l\u0117s.<\/p>\n\n\n\n<p>I\u0161matavimai &#8211; apie 100x100cm <br>B\u016bkl\u0117 &#8211; labai gera. Ar\u010diau kra\u0161telio yra viena gelsva d\u0117mel\u0117 (\u012f ak\u012f tikrai nekrenta).<\/p>","protected":false},"excerpt":{"rendered":"<p>Ant stalties\u0117s atvaziduotos g\u0117l\u0117s. I\u0161matavimai &#8211; apie 100x100cm B\u016bkl\u0117 &#8211; labai gera. Ar\u010diau kra\u0161telio yra viena gelsva d\u0117mel\u0117 (\u012f ak\u012f tikrai nekrenta).<\/p>","protected":false},"featured_media":9067,"template":"","meta":[],"product_cat":[91,67,52],"product_tag":[],"class_list":["post-9065","product","type-product","status-publish","has-post-thumbnail","hentry","product_cat-naujos-prekes","product_cat-tekstile","product_cat-visi-daiktai"],"_links":{"self":[{"href":"https:\/\/daiktaisuistorija.lt\/lt\/wp-json\/wp\/v2\/product\/9065","targetHints":{"allow":["GET"]}}],"collection":[{"href":"https:\/\/daiktaisuistorija.lt\/lt\/wp-json\/wp\/v2\/product"}],"about":[{"href":"https:\/\/daiktaisuistorija.lt\/lt\/wp-json\/wp\/v2\/types\/product"}],"wp:featuredmedia":[{"embeddable":true,"href":"https:\/\/daiktaisuistorija.lt\/lt\/wp-json\/wp\/v2\/media\/9067"}],"wp:attachment":[{"href":"https:\/\/daiktaisuistorija.lt\/lt\/wp-json\/wp\/v2\/media?parent=9065"}],"wp:term":[{"taxonomy":"product_cat","embeddable":true,"href":"https:\/\/daiktaisuistorija.lt\/lt\/wp-json\/wp\/v2\/product_cat?post=9065"},{"taxonomy":"product_tag","embeddable":true,"href":"https:\/\/daiktaisuistorija.lt\/lt\/wp-json\/wp\/v2\/product_tag?post=9065"}],"curies":[{"name":"wp","href":"https:\/\/api.w.org\/{rel}","templated":true}]}}