{"id":9074,"date":"2023-11-22T19:59:39","date_gmt":"2023-11-22T17:59:39","guid":{"rendered":"https:\/\/daiktaisuistorija.lt\/?post_type=product&#038;p=9074"},"modified":"2025-11-06T13:12:55","modified_gmt":"2025-11-06T11:12:55","slug":"nuostabaus-grozio-staltiese","status":"publish","type":"product","link":"https:\/\/daiktaisuistorija.lt\/lt\/produktas\/nuostabaus-grozio-staltiese\/","title":{"rendered":"Nuostabaus gro\u017eio stalties\u0117"},"content":{"rendered":"<p>Esame tikri, kad \u0161i vinta\u017ein\u0117 skandinavi\u0161ka stalties\u0117 papuo\u0161 j\u016bs\u0173 \u0161venti\u0161k\u0105 stal\u0105. \ud83d\ude09<br>Medviln\u0117.<br>110x192cm<br>B\u016bkl\u0117 &#8211; puiki.<\/p>","protected":false},"excerpt":{"rendered":"<blockquote>\n<p>&nbsp;<\/p>\n<\/blockquote>","protected":false},"featured_media":9078,"template":"","meta":[],"product_cat":[118,91,67,52],"product_tag":[],"class_list":["post-9074","product","type-product","status-publish","has-post-thumbnail","hentry","product_cat-kaledos","product_cat-naujos-prekes","product_cat-tekstile","product_cat-visi-daiktai"],"_links":{"self":[{"href":"https:\/\/daiktaisuistorija.lt\/lt\/wp-json\/wp\/v2\/product\/9074","targetHints":{"allow":["GET"]}}],"collection":[{"href":"https:\/\/daiktaisuistorija.lt\/lt\/wp-json\/wp\/v2\/product"}],"about":[{"href":"https:\/\/daiktaisuistorija.lt\/lt\/wp-json\/wp\/v2\/types\/product"}],"wp:featuredmedia":[{"embeddable":true,"href":"https:\/\/daiktaisuistorija.lt\/lt\/wp-json\/wp\/v2\/media\/9078"}],"wp:attachment":[{"href":"https:\/\/daiktaisuistorija.lt\/lt\/wp-json\/wp\/v2\/media?parent=9074"}],"wp:term":[{"taxonomy":"product_cat","embeddable":true,"href":"https:\/\/daiktaisuistorija.lt\/lt\/wp-json\/wp\/v2\/product_cat?post=9074"},{"taxonomy":"product_tag","embeddable":true,"href":"https:\/\/daiktaisuistorija.lt\/lt\/wp-json\/wp\/v2\/product_tag?post=9074"}],"curies":[{"name":"wp","href":"https:\/\/api.w.org\/{rel}","templated":true}]}}