{"id":9086,"date":"2023-11-22T20:19:35","date_gmt":"2023-11-22T18:19:35","guid":{"rendered":"https:\/\/daiktaisuistorija.lt\/?post_type=product&#038;p=9086"},"modified":"2023-12-08T15:46:36","modified_gmt":"2023-12-08T13:46:36","slug":"sventiskas-kavos-staliuko-takelis","status":"publish","type":"product","link":"https:\/\/daiktaisuistorija.lt\/lt\/produktas\/sventiskas-kavos-staliuko-takelis\/","title":{"rendered":"\u0160venti\u0161kas kavos staliuko takelis"},"content":{"rendered":"<p>Medviln\u0117.<br>I\u0161matavimai &#8211; 22x54cm<br>Bukl\u0117 -puiki.<\/p>","protected":false},"excerpt":{"rendered":"<p>Medviln\u0117.I\u0161matavimai &#8211; 22x54cmBukl\u0117 -puiki.<\/p>","protected":false},"featured_media":9087,"template":"","meta":[],"product_cat":[118,91,67,52],"product_tag":[],"class_list":["post-9086","product","type-product","status-publish","has-post-thumbnail","hentry","product_cat-kaledos","product_cat-naujos-prekes","product_cat-tekstile","product_cat-visi-daiktai"],"_links":{"self":[{"href":"https:\/\/daiktaisuistorija.lt\/lt\/wp-json\/wp\/v2\/product\/9086","targetHints":{"allow":["GET"]}}],"collection":[{"href":"https:\/\/daiktaisuistorija.lt\/lt\/wp-json\/wp\/v2\/product"}],"about":[{"href":"https:\/\/daiktaisuistorija.lt\/lt\/wp-json\/wp\/v2\/types\/product"}],"wp:featuredmedia":[{"embeddable":true,"href":"https:\/\/daiktaisuistorija.lt\/lt\/wp-json\/wp\/v2\/media\/9087"}],"wp:attachment":[{"href":"https:\/\/daiktaisuistorija.lt\/lt\/wp-json\/wp\/v2\/media?parent=9086"}],"wp:term":[{"taxonomy":"product_cat","embeddable":true,"href":"https:\/\/daiktaisuistorija.lt\/lt\/wp-json\/wp\/v2\/product_cat?post=9086"},{"taxonomy":"product_tag","embeddable":true,"href":"https:\/\/daiktaisuistorija.lt\/lt\/wp-json\/wp\/v2\/product_tag?post=9086"}],"curies":[{"name":"wp","href":"https:\/\/api.w.org\/{rel}","templated":true}]}}